{"id":246734,"date":"2024-04-06T08:31:21","date_gmt":"2024-04-06T07:31:21","guid":{"rendered":"https:\/\/kustomshop.kinsta.cloud\/?post_type=product&#038;p=246734"},"modified":"2026-03-27T14:38:00","modified_gmt":"2026-03-27T13:38:00","slug":"core-offroad-xt-shorts-m","status":"publish","type":"product","link":"https:\/\/shop.kustom.ch\/it\/prodotto\/core-offroad-xt-shorts-m\/","title":{"rendered":"Pantaloncini Core Offroad XT M"},"content":{"rendered":"<p>Pantaloncini morbidi e resistenti, con vestibilit\u00e0 ampia, per tutti coloro che amano la mountain e la gravel bike. Vita con chiusura a gancio per una facile regolazione, due tasche anteriori e tasca posteriore con zip.<\/p>\n<p>Materiale: poliammide 94%, elastan 6%<\/p>","protected":false},"excerpt":{"rendered":"<p>Weiche, strapazierf\u00e4hige Shorts mit weiter Passform f\u00fcr alle, die gerne Mountain- und Gravelbiken. H\u00fcftbund mit Hakenverschluss f\u00fcr einfaches Verstellen, zwei Taschen vorne und Tasche mit Reissverschluss hinten. Material: 94% Polyamide, 6% Elastane<\/p>","protected":false},"featured_media":246737,"template":"","meta":[],"product_brand":[],"product_cat":[4198],"product_tag":[],"class_list":{"0":"post-246734","1":"product","2":"type-product","3":"status-publish","4":"has-post-thumbnail","6":"product_cat-shorts","7":"pa_brand-craft-retail-sportswear","8":"pa_brand-type-sportswear","9":"pa_filter-color-grau","10":"pa_filter-color-schwarz","12":"first","13":"instock","14":"sale","15":"taxable","16":"shipping-taxable","17":"purchasable","18":"product-type-variable","19":"add-to-wishlist-before_image"},"exclude_global_add_ons":[],"addons":[],"acf":[],"_links":{"self":[{"href":"https:\/\/shop.kustom.ch\/it\/wp-json\/wp\/v2\/product\/246734"}],"collection":[{"href":"https:\/\/shop.kustom.ch\/it\/wp-json\/wp\/v2\/product"}],"about":[{"href":"https:\/\/shop.kustom.ch\/it\/wp-json\/wp\/v2\/types\/product"}],"wp:featuredmedia":[{"embeddable":true,"href":"https:\/\/shop.kustom.ch\/it\/wp-json\/wp\/v2\/media\/246737"}],"wp:attachment":[{"href":"https:\/\/shop.kustom.ch\/it\/wp-json\/wp\/v2\/media?parent=246734"}],"wp:term":[{"taxonomy":"product_brand","embeddable":true,"href":"https:\/\/shop.kustom.ch\/it\/wp-json\/wp\/v2\/product_brand?post=246734"},{"taxonomy":"product_cat","embeddable":true,"href":"https:\/\/shop.kustom.ch\/it\/wp-json\/wp\/v2\/product_cat?post=246734"},{"taxonomy":"product_tag","embeddable":true,"href":"https:\/\/shop.kustom.ch\/it\/wp-json\/wp\/v2\/product_tag?post=246734"}],"curies":[{"name":"wp","href":"https:\/\/api.w.org\/{rel}","templated":true}]}}