{"id":246622,"date":"2024-04-06T08:27:18","date_gmt":"2024-04-06T07:27:18","guid":{"rendered":"https:\/\/kustomshop.kinsta.cloud\/?post_type=product&#038;p=246622"},"modified":"2026-03-27T13:59:19","modified_gmt":"2026-03-27T12:59:19","slug":"adv-endur-graphic-jersey-w","status":"publish","type":"product","link":"https:\/\/shop.kustom.ch\/it\/prodotto\/adv-endur-graphic-jersey-w\/","title":{"rendered":"Maglia Adv Endur Graphic W"},"content":{"rendered":"<p>Maglia da ciclismo avanzata in morbido materiale elasticizzato per un eccellente trasporto dell'umidit\u00e0 durante il ciclismo intensivo. Inserti in rete con speciali zone climatiche per una maggiore ventilazione, quattro tasche posteriori e rivestimento in silicone sul retro della cintura.<\/p>\n<p>Materiale: Corpo anteriore: 92% Poliestere riciclato, 8% Elastan, Maniche: 92% Poliestere riciclato, 8% Elastan, Parte inferiore del corpo posteriore: 92% Poliestere riciclato, 8% Elastan, Parte superiore del corpo posteriore 100% Poliestere<\/p>","protected":false},"excerpt":{"rendered":"<p>Jersey zum Radfahren f\u00fcr Fortgeschrittene aus weichem Stretchmaterial f\u00fcr einen hervorragenden Feuchtigkeitstransport bei intensivem Radfahren. Mesh-Eins\u00e4tze mit speziellen Klimazonen f\u00fcr erh\u00f6hte Ventilation, vier Taschen hinten und Silikonbeschichtung hinten, am Bund. Material: Front body: 92% Polyester &#8211; recycled, 8% Elastane, Sleeves: 92% Polyester &#8211; recycled, 8% Elastane, Lower back body: 92% Polyester &#8211; recycled, 8% Elastane, [&hellip;]<\/p>\n","protected":false},"featured_media":246655,"template":"","meta":[],"product_brand":[],"product_cat":[4201],"product_tag":[],"class_list":{"0":"post-246622","1":"product","2":"type-product","3":"status-publish","4":"has-post-thumbnail","6":"product_cat-t-shirts","7":"pa_brand-craft-retail-sportswear","8":"pa_brand-type-sportswear","9":"pa_filter-color-pink","11":"first","12":"instock","13":"sale","14":"taxable","15":"shipping-taxable","16":"purchasable","17":"product-type-variable","18":"add-to-wishlist-before_image"},"exclude_global_add_ons":[],"addons":[],"acf":[],"_links":{"self":[{"href":"https:\/\/shop.kustom.ch\/it\/wp-json\/wp\/v2\/product\/246622"}],"collection":[{"href":"https:\/\/shop.kustom.ch\/it\/wp-json\/wp\/v2\/product"}],"about":[{"href":"https:\/\/shop.kustom.ch\/it\/wp-json\/wp\/v2\/types\/product"}],"wp:featuredmedia":[{"embeddable":true,"href":"https:\/\/shop.kustom.ch\/it\/wp-json\/wp\/v2\/media\/246655"}],"wp:attachment":[{"href":"https:\/\/shop.kustom.ch\/it\/wp-json\/wp\/v2\/media?parent=246622"}],"wp:term":[{"taxonomy":"product_brand","embeddable":true,"href":"https:\/\/shop.kustom.ch\/it\/wp-json\/wp\/v2\/product_brand?post=246622"},{"taxonomy":"product_cat","embeddable":true,"href":"https:\/\/shop.kustom.ch\/it\/wp-json\/wp\/v2\/product_cat?post=246622"},{"taxonomy":"product_tag","embeddable":true,"href":"https:\/\/shop.kustom.ch\/it\/wp-json\/wp\/v2\/product_tag?post=246622"}],"curies":[{"name":"wp","href":"https:\/\/api.w.org\/{rel}","templated":true}]}}