{"id":246581,"date":"2024-04-06T08:25:44","date_gmt":"2024-04-06T07:25:44","guid":{"rendered":"https:\/\/kustomshop.kinsta.cloud\/?post_type=product&#038;p=246581"},"modified":"2026-03-27T14:20:04","modified_gmt":"2026-03-27T13:20:04","slug":"pro-aero-bib-shorts-m","status":"publish","type":"product","link":"https:\/\/shop.kustom.ch\/it\/prodotto\/pro-aero-bib-shorts-m\/","title":{"rendered":"Pantaloncini con pettorina Pro Aero M"},"content":{"rendered":"<p>Salopette aerodinamica per professionisti con eccellenti propriet\u00e0 di controllo del corpo, eccezionale trasporto dell'umidit\u00e0 e fondello C1. Realizzati in materiale Lycra\u00ae Sport Energy con elasticit\u00e0 in quattro direzioni, inserti con speciali zone climatiche per una permeabilit\u00e0 all'aria ottimale e una resistenza all'aria minima.<br \/>\n- Materiale Lycra\u00ae Sport Energy con eccellenti propriet\u00e0 di controllo del corpo ed elasticit\u00e0 in quattro direzioni per ridurre le vibrazioni muscolari e concentrare la potenza per un maggiore comfort e un controllo eccellente.<br \/>\n- Poche cuciture per un flusso d'aria ottimale<br \/>\n- Silicone alle estremit\u00e0 delle gambe per una presa antiscivolo<br \/>\n- Gambe extra-lunghe con orli tagliati<br \/>\n- Sistema di supporto traforato per la massima traspirabilit\u00e0<br \/>\n- C1 Pad Uomini<\/p>\n<p>Materiale: Corpo: 75% Poliammide, 25% Elastane, Pannelli laterali: 70% Poliammide, 30% Elastane, Spallacci: 95% Poliestere, 5% Elastane<\/p>","protected":false},"excerpt":{"rendered":"<p>Aerodynamische Tr\u00e4ger-Shorts f\u00fcr Profis mit ausgezeichneten Body-Control-Eigenschaften, hervorragendem Feuchtigkeitstransport und C1\u00a0Pad. Aus Lycra\u00ae Sport Energy Material mit Elastizit\u00e4t in vier Richtungen, Eins\u00e4tze mit speziellen Klimazonen f\u00fcr optimalen Luftdurchlass und minimalen Luftwiderstand. \u2022 Lycra\u00ae Sport Energy Material mit hervorragenden Body-Control-Eigenschaften und Elastizit\u00e4t in vier Richtungen zur Reduzierung der Muskelvibration und Konzentration der Kraft f\u00fcr erh\u00f6hten Komfort [&hellip;]<\/p>\n","protected":false},"featured_media":246606,"template":"","meta":[],"product_brand":[],"product_cat":[4198],"product_tag":[],"class_list":{"0":"post-246581","1":"product","2":"type-product","3":"status-publish","4":"has-post-thumbnail","6":"product_cat-shorts","7":"pa_brand-craft-retail-sportswear","8":"pa_brand-type-sportswear","9":"pa_filter-color-schwarz","11":"first","12":"outofstock","13":"sale","14":"taxable","15":"shipping-taxable","16":"purchasable","17":"product-type-variable","18":"add-to-wishlist-before_image"},"exclude_global_add_ons":[],"addons":[],"acf":[],"_links":{"self":[{"href":"https:\/\/shop.kustom.ch\/it\/wp-json\/wp\/v2\/product\/246581"}],"collection":[{"href":"https:\/\/shop.kustom.ch\/it\/wp-json\/wp\/v2\/product"}],"about":[{"href":"https:\/\/shop.kustom.ch\/it\/wp-json\/wp\/v2\/types\/product"}],"wp:featuredmedia":[{"embeddable":true,"href":"https:\/\/shop.kustom.ch\/it\/wp-json\/wp\/v2\/media\/246606"}],"wp:attachment":[{"href":"https:\/\/shop.kustom.ch\/it\/wp-json\/wp\/v2\/media?parent=246581"}],"wp:term":[{"taxonomy":"product_brand","embeddable":true,"href":"https:\/\/shop.kustom.ch\/it\/wp-json\/wp\/v2\/product_brand?post=246581"},{"taxonomy":"product_cat","embeddable":true,"href":"https:\/\/shop.kustom.ch\/it\/wp-json\/wp\/v2\/product_cat?post=246581"},{"taxonomy":"product_tag","embeddable":true,"href":"https:\/\/shop.kustom.ch\/it\/wp-json\/wp\/v2\/product_tag?post=246581"}],"curies":[{"name":"wp","href":"https:\/\/api.w.org\/{rel}","templated":true}]}}