{"id":210851,"date":"2024-03-27T13:03:19","date_gmt":"2024-03-27T12:03:19","guid":{"rendered":"https:\/\/kustomshop.kinsta.cloud\/?post_type=product&#038;p=210851"},"modified":"2025-10-22T14:07:16","modified_gmt":"2025-10-22T13:07:16","slug":"fch-winterparka","status":"publish","type":"product","link":"https:\/\/shop.kustom.ch\/it\/prodotto\/fch-winterparka\/","title":{"rendered":"Giacca invernale FCH Funzione"},"content":{"rendered":"<p>Con la giacca invernale Function siete perfettamente attrezzati per la stagione fredda. L'imbottitura termoisolante e la fodera interna trapuntata assicurano un calore accogliente anche in caso di temperature rigide. Il materiale esterno antivento e idrorepellente con membrana stop-water protegge in modo affidabile dal vento e dalla pioggia, mentre l'orlo regolabile e i polsini elasticizzati assicurano una vestibilit\u00e0 perfetta. Caratteristiche pratiche come le tasche laterali con zip, una tasca interna in velcro e il cappuccio staccabile con coulisse e stopper rendono la giacca estremamente versatile. In citt\u00e0, durante le attivit\u00e0 all'aperto o per andare al lavoro, questa giacca combina funzionalit\u00e0 e design moderno.<\/p>\n<p>Tessuto esterno: 100 poliestere %, 5000 mm PU<br \/>\nImbottitura: 100 poliestere %<br \/>\nFodera interna: 100 poliestere %<\/p>","protected":false},"excerpt":{"rendered":"<p>nero<\/p>","protected":false},"featured_media":671729,"template":"","meta":[],"product_brand":[],"product_cat":[6430],"product_tag":[],"class_list":{"0":"post-210851","1":"product","2":"type-product","3":"status-publish","4":"has-post-thumbnail","6":"product_cat-fc-heiden","8":"first","9":"instock","10":"taxable","11":"shipping-taxable","12":"purchasable","13":"product-type-variable","14":"add-to-wishlist-before_image"},"exclude_global_add_ons":[],"addons":[],"acf":[],"_links":{"self":[{"href":"https:\/\/shop.kustom.ch\/it\/wp-json\/wp\/v2\/product\/210851"}],"collection":[{"href":"https:\/\/shop.kustom.ch\/it\/wp-json\/wp\/v2\/product"}],"about":[{"href":"https:\/\/shop.kustom.ch\/it\/wp-json\/wp\/v2\/types\/product"}],"wp:featuredmedia":[{"embeddable":true,"href":"https:\/\/shop.kustom.ch\/it\/wp-json\/wp\/v2\/media\/671729"}],"wp:attachment":[{"href":"https:\/\/shop.kustom.ch\/it\/wp-json\/wp\/v2\/media?parent=210851"}],"wp:term":[{"taxonomy":"product_brand","embeddable":true,"href":"https:\/\/shop.kustom.ch\/it\/wp-json\/wp\/v2\/product_brand?post=210851"},{"taxonomy":"product_cat","embeddable":true,"href":"https:\/\/shop.kustom.ch\/it\/wp-json\/wp\/v2\/product_cat?post=210851"},{"taxonomy":"product_tag","embeddable":true,"href":"https:\/\/shop.kustom.ch\/it\/wp-json\/wp\/v2\/product_tag?post=210851"}],"curies":[{"name":"wp","href":"https:\/\/api.w.org\/{rel}","templated":true}]}}