{"id":208818,"date":"2024-03-27T11:30:08","date_gmt":"2024-03-27T10:30:08","guid":{"rendered":"https:\/\/kustomshop.kinsta.cloud\/?post_type=product&#038;p=208818"},"modified":"2025-05-20T08:14:42","modified_gmt":"2025-05-20T07:14:42","slug":"net-community-sweatpants-m","status":"publish","type":"product","link":"https:\/\/shop.kustom.ch\/it\/prodotto\/net-community-sweatpants-m\/","title":{"rendered":"NET Community Pantaloni da ginnastica M"},"content":{"rendered":"<p>Pantaloni da jogging morbidi e casual con un look sportivo per i momenti di relax lontano dal campo. La miscela di poliestere e cotone, piacevolmente morbida, garantisce il massimo comfort con una funzionalit\u00e0 leggera. Perfetti per essere brandizzati con il logo del club, dello sponsor o dell'azienda.<\/p>\n<p>Tessuto 1: 65% Poliestere 35% Cotone<\/p>","protected":false},"excerpt":{"rendered":"<p>Weiche und l\u00e4ssige Jogginghose mit sportlichem Look f\u00fcr entspannte Momente abseits des Spielfelds. Die angenehm weiche Polyester- Baumwollmischung garantiert h\u00f6chsten Tragekomfort mit leichter Funktion. Perfekt f\u00fcr das Branding mit Club-, Sponsoren- oder Firmenlogos. Fabric 1: 65% Polyester 35% Cotton<\/p>","protected":false},"featured_media":135902,"template":"","meta":[],"product_brand":[],"product_cat":[6468],"product_tag":[],"class_list":{"0":"post-208818","1":"product","2":"type-product","3":"status-publish","4":"has-post-thumbnail","6":"product_cat-net-tennis-academy","8":"first","9":"instock","10":"taxable","11":"shipping-taxable","12":"purchasable","13":"product-type-variable","14":"add-to-wishlist-before_image"},"exclude_global_add_ons":[],"addons":[],"acf":[],"_links":{"self":[{"href":"https:\/\/shop.kustom.ch\/it\/wp-json\/wp\/v2\/product\/208818"}],"collection":[{"href":"https:\/\/shop.kustom.ch\/it\/wp-json\/wp\/v2\/product"}],"about":[{"href":"https:\/\/shop.kustom.ch\/it\/wp-json\/wp\/v2\/types\/product"}],"wp:featuredmedia":[{"embeddable":true,"href":"https:\/\/shop.kustom.ch\/it\/wp-json\/wp\/v2\/media\/135902"}],"wp:attachment":[{"href":"https:\/\/shop.kustom.ch\/it\/wp-json\/wp\/v2\/media?parent=208818"}],"wp:term":[{"taxonomy":"product_brand","embeddable":true,"href":"https:\/\/shop.kustom.ch\/it\/wp-json\/wp\/v2\/product_brand?post=208818"},{"taxonomy":"product_cat","embeddable":true,"href":"https:\/\/shop.kustom.ch\/it\/wp-json\/wp\/v2\/product_cat?post=208818"},{"taxonomy":"product_tag","embeddable":true,"href":"https:\/\/shop.kustom.ch\/it\/wp-json\/wp\/v2\/product_tag?post=208818"}],"curies":[{"name":"wp","href":"https:\/\/api.w.org\/{rel}","templated":true}]}}