{"id":208724,"date":"2024-03-27T11:28:29","date_gmt":"2024-03-27T10:28:29","guid":{"rendered":"https:\/\/kustomshop.kinsta.cloud\/?post_type=product&#038;p=208724"},"modified":"2024-03-27T11:29:14","modified_gmt":"2024-03-27T10:29:14","slug":"net-pro-control-hood-jacket-m","status":"publish","type":"product","link":"https:\/\/shop.kustom.ch\/it\/prodotto\/net-pro-control-hood-jacket-m\/","title":{"rendered":"NET Pro Control Hood Giacca M"},"content":{"rendered":"<p>Confortevole giacca con cappuccio in poliestere morbido e funzionale. Ideale per la fase di riscaldamento e per attirare l'attenzione della squadra anche fuori dal campo. Zip a tutta lunghezza, cappuccio con coulisse e 2 tasche frontali.<\/p>\n<p>Tessuto 1: poliestere 100% Tessuto 2: poliestere 100%<\/p>\n<p>Lavaggio in lavatrice40;Non candeggiare;Non lavare;Stirare a bassa temperatura;Non lavare a secco<\/p>","protected":false},"excerpt":{"rendered":"<p>Bequeme Kapuzenjacke aus weichem und funktionellem Polyester. Optimal f\u00fcr die Aufw\u00e4rmphase und auch Abseits des Spielfeldes ein Eyecatcher f\u00fcr dein Team. Durchgehender Reissverschluss, Kapuze mit Kordelzug und 2 Taschen vorne. Fabric 1: 100% Polyester Fabric 2: 100% Polyester MachineWash40;DoNotBleach;DoNotTumble;IroningLowTemp;DoNotDryClean<\/p>","protected":false},"featured_media":135905,"template":"","meta":[],"product_brand":[],"product_cat":[6468],"product_tag":[],"class_list":{"0":"post-208724","1":"product","2":"type-product","3":"status-publish","4":"has-post-thumbnail","6":"product_cat-net-tennis-academy","8":"first","9":"instock","10":"taxable","11":"shipping-taxable","12":"purchasable","13":"product-type-variable","14":"add-to-wishlist-before_image"},"exclude_global_add_ons":[],"addons":[],"acf":[],"_links":{"self":[{"href":"https:\/\/shop.kustom.ch\/it\/wp-json\/wp\/v2\/product\/208724"}],"collection":[{"href":"https:\/\/shop.kustom.ch\/it\/wp-json\/wp\/v2\/product"}],"about":[{"href":"https:\/\/shop.kustom.ch\/it\/wp-json\/wp\/v2\/types\/product"}],"wp:featuredmedia":[{"embeddable":true,"href":"https:\/\/shop.kustom.ch\/it\/wp-json\/wp\/v2\/media\/135905"}],"wp:attachment":[{"href":"https:\/\/shop.kustom.ch\/it\/wp-json\/wp\/v2\/media?parent=208724"}],"wp:term":[{"taxonomy":"product_brand","embeddable":true,"href":"https:\/\/shop.kustom.ch\/it\/wp-json\/wp\/v2\/product_brand?post=208724"},{"taxonomy":"product_cat","embeddable":true,"href":"https:\/\/shop.kustom.ch\/it\/wp-json\/wp\/v2\/product_cat?post=208724"},{"taxonomy":"product_tag","embeddable":true,"href":"https:\/\/shop.kustom.ch\/it\/wp-json\/wp\/v2\/product_tag?post=208724"}],"curies":[{"name":"wp","href":"https:\/\/api.w.org\/{rel}","templated":true}]}}