{"id":208701,"date":"2024-03-27T11:28:03","date_gmt":"2024-03-27T10:28:03","guid":{"rendered":"https:\/\/kustomshop.kinsta.cloud\/?post_type=product&#038;p=208701"},"modified":"2024-03-27T11:28:49","modified_gmt":"2024-03-27T10:28:49","slug":"net-squad-jersey-solid-women-3","status":"publish","type":"product","link":"https:\/\/shop.kustom.ch\/it\/prodotto\/net-squad-jersey-solid-women-3\/","title":{"rendered":"NET Maglia Squad Solid Donna"},"content":{"rendered":"<p>La maglia solida per ogni partita. Il taglio ampio e il materiale ad asciugatura rapida rendono il corpo confortevole durante qualsiasi sforzo. La versatilit\u00e0 \u00e8 assolutamente in primo piano. La maglia Squad Solid di Craft \u00e8 disponibile in 11 colori diversi.<\/p>\n<p>100 Poliestere %<\/p>\n<p>Lavaggio in lavatrice40;Non candeggiare;Non lavare;Stirare a bassa temperatura;Non lavare a secco<\/p>","protected":false},"excerpt":{"rendered":"<p>Das solide Trikot f\u00fcr jedes Match. Der lockere Schnitt und das schnelltrocknende Material verleihen deinem K\u00f6rper ein angenehmes Tragegef\u00fchl bei jeder Anstrengung. Vielseitigkeit steht hier absolut im Vordergrund. Denn das Squad Solid Jersey von Craft ist in 11 verschiedenen Farben erh\u00e4ltlich. 100 % Polyester MachineWash40;DoNotBleach;DoNotTumble;IroningLowTemp;DoNotDryClean<\/p>","protected":false},"featured_media":135806,"template":"","meta":[],"product_brand":[],"product_cat":[6468],"product_tag":[],"class_list":{"0":"post-208701","1":"product","2":"type-product","3":"status-publish","4":"has-post-thumbnail","6":"product_cat-net-tennis-academy","8":"first","9":"instock","10":"taxable","11":"shipping-taxable","12":"purchasable","13":"product-type-variable","14":"add-to-wishlist-before_image"},"exclude_global_add_ons":[],"addons":[],"acf":[],"_links":{"self":[{"href":"https:\/\/shop.kustom.ch\/it\/wp-json\/wp\/v2\/product\/208701"}],"collection":[{"href":"https:\/\/shop.kustom.ch\/it\/wp-json\/wp\/v2\/product"}],"about":[{"href":"https:\/\/shop.kustom.ch\/it\/wp-json\/wp\/v2\/types\/product"}],"wp:featuredmedia":[{"embeddable":true,"href":"https:\/\/shop.kustom.ch\/it\/wp-json\/wp\/v2\/media\/135806"}],"wp:attachment":[{"href":"https:\/\/shop.kustom.ch\/it\/wp-json\/wp\/v2\/media?parent=208701"}],"wp:term":[{"taxonomy":"product_brand","embeddable":true,"href":"https:\/\/shop.kustom.ch\/it\/wp-json\/wp\/v2\/product_brand?post=208701"},{"taxonomy":"product_cat","embeddable":true,"href":"https:\/\/shop.kustom.ch\/it\/wp-json\/wp\/v2\/product_cat?post=208701"},{"taxonomy":"product_tag","embeddable":true,"href":"https:\/\/shop.kustom.ch\/it\/wp-json\/wp\/v2\/product_tag?post=208701"}],"curies":[{"name":"wp","href":"https:\/\/api.w.org\/{rel}","templated":true}]}}