{"id":208679,"date":"2024-03-27T11:27:37","date_gmt":"2024-03-27T10:27:37","guid":{"rendered":"https:\/\/kustomshop.kinsta.cloud\/?post_type=product&#038;p=208679"},"modified":"2024-03-27T11:27:59","modified_gmt":"2024-03-27T10:27:59","slug":"net-squad-jersey-solid-men","status":"publish","type":"product","link":"https:\/\/shop.kustom.ch\/it\/prodotto\/net-squad-jersey-solid-men\/","title":{"rendered":"NET Maglia Squad Solid Uomo"},"content":{"rendered":"<p>Sia in sala che sul campo verde: Con l'intramontabile maglia da calcio di CRAFT, sarete visibili ovunque. Il materiale sciolto e ad asciugatura rapida la rende comoda da indossare. La maglia \u00e8 versatile come lo sport del calcio. Colpisce per l'ampia scelta di varianti di colore e garantisce le massime prestazioni.<\/p>\n<p>100 Poliestere %<\/p>\n<p>Lavaggio in lavatrice40;Non candeggiare;Non lavare;Stirare a bassa temperatura;Non lavare a secco<\/p>","protected":false},"excerpt":{"rendered":"<p>Ob in der Halle oder auf dem gr\u00fcnen Rasen: Mit dem zeitlosen Fussballtrikot von CRAFT kannst du dich \u00fcberall sehen lassen. Das lockere und zugleich schnelltrocknende Material verleiht deinem K\u00f6rper ein angenehmes Tragegef\u00fchl. Das Trikot ist genauso vielseitig wie der Fussballsport. Es besticht durch eine grosse Auswahl an Farbvariationen und garantiert maximale Performance. 100 % [&hellip;]<\/p>\n","protected":false},"featured_media":135803,"template":"","meta":[],"product_brand":[],"product_cat":[6468],"product_tag":[],"class_list":{"0":"post-208679","1":"product","2":"type-product","3":"status-publish","4":"has-post-thumbnail","6":"product_cat-net-tennis-academy","8":"first","9":"instock","10":"taxable","11":"shipping-taxable","12":"purchasable","13":"product-type-variable","14":"add-to-wishlist-before_image"},"exclude_global_add_ons":[],"addons":[],"acf":[],"_links":{"self":[{"href":"https:\/\/shop.kustom.ch\/it\/wp-json\/wp\/v2\/product\/208679"}],"collection":[{"href":"https:\/\/shop.kustom.ch\/it\/wp-json\/wp\/v2\/product"}],"about":[{"href":"https:\/\/shop.kustom.ch\/it\/wp-json\/wp\/v2\/types\/product"}],"wp:featuredmedia":[{"embeddable":true,"href":"https:\/\/shop.kustom.ch\/it\/wp-json\/wp\/v2\/media\/135803"}],"wp:attachment":[{"href":"https:\/\/shop.kustom.ch\/it\/wp-json\/wp\/v2\/media?parent=208679"}],"wp:term":[{"taxonomy":"product_brand","embeddable":true,"href":"https:\/\/shop.kustom.ch\/it\/wp-json\/wp\/v2\/product_brand?post=208679"},{"taxonomy":"product_cat","embeddable":true,"href":"https:\/\/shop.kustom.ch\/it\/wp-json\/wp\/v2\/product_cat?post=208679"},{"taxonomy":"product_tag","embeddable":true,"href":"https:\/\/shop.kustom.ch\/it\/wp-json\/wp\/v2\/product_tag?post=208679"}],"curies":[{"name":"wp","href":"https:\/\/api.w.org\/{rel}","templated":true}]}}