{"id":208678,"date":"2024-03-27T11:27:36","date_gmt":"2024-03-27T10:27:36","guid":{"rendered":"https:\/\/kustomshop.kinsta.cloud\/?post_type=product&#038;p=208678"},"modified":"2024-03-27T11:27:59","modified_gmt":"2024-03-27T10:27:59","slug":"net-improve-duffel-2","status":"publish","type":"product","link":"https:\/\/shop.kustom.ch\/it\/prodotto\/net-improve-duffel-2\/","title":{"rendered":"NET Migliorare il bagaglio"},"content":{"rendered":"<p>Borsone da allenamento con due scomparti principali e diversi scomparti interni. Cerniere YKK e fibbie Duraflex.<\/p>\n<p>100% Poliestere<\/p>","protected":false},"excerpt":{"rendered":"<p>Trainingsseesack mit zwei Hauptf\u00e4chern und mehreren Innenf\u00e4chern. YKK-Reissverschl\u00fcsse und Duraflex-Schnallen. 100% Polyester<\/p>","protected":false},"featured_media":135830,"template":"","meta":[],"product_brand":[],"product_cat":[6468],"product_tag":[],"class_list":{"0":"post-208678","1":"product","2":"type-product","3":"status-publish","4":"has-post-thumbnail","6":"product_cat-net-tennis-academy","8":"first","9":"instock","10":"taxable","11":"shipping-taxable","12":"purchasable","13":"product-type-variable","14":"add-to-wishlist-before_image"},"exclude_global_add_ons":[],"addons":[],"acf":[],"_links":{"self":[{"href":"https:\/\/shop.kustom.ch\/it\/wp-json\/wp\/v2\/product\/208678"}],"collection":[{"href":"https:\/\/shop.kustom.ch\/it\/wp-json\/wp\/v2\/product"}],"about":[{"href":"https:\/\/shop.kustom.ch\/it\/wp-json\/wp\/v2\/types\/product"}],"wp:featuredmedia":[{"embeddable":true,"href":"https:\/\/shop.kustom.ch\/it\/wp-json\/wp\/v2\/media\/135830"}],"wp:attachment":[{"href":"https:\/\/shop.kustom.ch\/it\/wp-json\/wp\/v2\/media?parent=208678"}],"wp:term":[{"taxonomy":"product_brand","embeddable":true,"href":"https:\/\/shop.kustom.ch\/it\/wp-json\/wp\/v2\/product_brand?post=208678"},{"taxonomy":"product_cat","embeddable":true,"href":"https:\/\/shop.kustom.ch\/it\/wp-json\/wp\/v2\/product_cat?post=208678"},{"taxonomy":"product_tag","embeddable":true,"href":"https:\/\/shop.kustom.ch\/it\/wp-json\/wp\/v2\/product_tag?post=208678"}],"curies":[{"name":"wp","href":"https:\/\/api.w.org\/{rel}","templated":true}]}}