{"id":207654,"date":"2024-03-27T07:38:22","date_gmt":"2024-03-27T06:38:22","guid":{"rendered":"https:\/\/kustomshop.kinsta.cloud\/?post_type=product&#038;p=207654"},"modified":"2024-04-24T15:14:34","modified_gmt":"2024-04-24T14:14:34","slug":"volleyball-v200w","status":"publish","type":"product","link":"https:\/\/shop.kustom.ch\/it\/prodotto\/volleyball-v200w\/","title":{"rendered":"Pallavolo V200W"},"content":{"rendered":"<p>Il V200W \u00e8 il pallone ufficiale di Swiss Volley e colpisce per la sua perfetta forma sferica e l'eccellente presa. Ha un basso effetto di rimbalzo e la superficie assorbe molto il sudore. Il pallone viene fornito con il logo Swiss Volley.<\/p>\n<p>Circonferenza 65-67 cm<\/p>\n<p>Peso 270 g<\/p>\n<p>Materiale copertura super composita<\/p>","protected":false},"excerpt":{"rendered":"<p>Der V200W ist der offizielle Ball von Swiss Volley und besticht durch seine perfekte sph\u00e4rische Form und den hervorragenden Grip. Er hat einen geringen R\u00fcckpralleffekt und die Oberfl\u00e4che ist sehr schweissabsorbierend. Der Ball wird mit dem Swiss Volley-Logo geliefert. Umfang 65-67 cm Gewicht 270 g Material Superverbundh\u00fclle<\/p>","protected":false},"featured_media":207658,"template":"","meta":[],"product_brand":[],"product_cat":[9643,4175],"product_tag":[],"class_list":{"0":"post-207654","1":"product","2":"type-product","3":"status-publish","4":"has-post-thumbnail","6":"product_cat-equipment","7":"product_cat-baelle","8":"pa_brand-mikasa","9":"pa_brand-type-sportswear","11":"first","12":"instock","13":"sale","14":"taxable","15":"shipping-taxable","16":"purchasable","17":"product-type-variable","18":"add-to-wishlist-before_image"},"exclude_global_add_ons":[],"addons":[],"acf":[],"_links":{"self":[{"href":"https:\/\/shop.kustom.ch\/it\/wp-json\/wp\/v2\/product\/207654"}],"collection":[{"href":"https:\/\/shop.kustom.ch\/it\/wp-json\/wp\/v2\/product"}],"about":[{"href":"https:\/\/shop.kustom.ch\/it\/wp-json\/wp\/v2\/types\/product"}],"wp:featuredmedia":[{"embeddable":true,"href":"https:\/\/shop.kustom.ch\/it\/wp-json\/wp\/v2\/media\/207658"}],"wp:attachment":[{"href":"https:\/\/shop.kustom.ch\/it\/wp-json\/wp\/v2\/media?parent=207654"}],"wp:term":[{"taxonomy":"product_brand","embeddable":true,"href":"https:\/\/shop.kustom.ch\/it\/wp-json\/wp\/v2\/product_brand?post=207654"},{"taxonomy":"product_cat","embeddable":true,"href":"https:\/\/shop.kustom.ch\/it\/wp-json\/wp\/v2\/product_cat?post=207654"},{"taxonomy":"product_tag","embeddable":true,"href":"https:\/\/shop.kustom.ch\/it\/wp-json\/wp\/v2\/product_tag?post=207654"}],"curies":[{"name":"wp","href":"https:\/\/api.w.org\/{rel}","templated":true}]}}