{"id":151930,"date":"2024-03-23T08:12:44","date_gmt":"2024-03-23T07:12:44","guid":{"rendered":"https:\/\/kustomshop.kinsta.cloud\/produkt\/liga-star-allwetterjacke\/"},"modified":"2026-03-31T12:35:00","modified_gmt":"2026-03-31T11:35:00","slug":"liga-star-allwetterjacke","status":"publish","type":"product","link":"https:\/\/shop.kustom.ch\/it\/prodotto\/liga-star-allwetterjacke\/","title":{"rendered":"Giacca LIGA STAR per tutte le stagioni"},"content":{"rendered":"<p>Un must per il maltempo: La giacca per tutte le stagioni vi protegge in modo affidabile dalla pioggia.<br \/>\n1500 mm di colonna d'acqua<br \/>\nFodera interna aperta per una finitura ottimale<br \/>\nCollo alto con cappuccio<br \/>\nTasche laterali con zip<br \/>\nPolsini elasticizzati sulle maniche<br \/>\nCoulisse nell'orlo<br \/>\nMateriale: poliestere 100%<br \/>\nFodera interna: poliestere 100%<\/p>","protected":false},"excerpt":{"rendered":"<p>Darf bei schlechtem Wetter nicht fehlen: Die Allwetterjacke sch\u00fctzt dich zuverl\u00e4ssig vor Niederschlag. 1500 mm Wassers\u00e4ule Ge\u00f6ffnetes Innenfutter f\u00fcr optimale Veredelung Hoher Kragen mit Kapuze Seitliche Reissverschlusstaschen Elastische B\u00fcndchen am \u00c4rmel Kordelzug im Saum Material: 100% Polyester Innenfutter: 100% Polyester<\/p>","protected":false},"featured_media":151928,"template":"","meta":[],"product_brand":[],"product_cat":[4186],"product_tag":[],"class_list":{"0":"post-151930","1":"product","2":"type-product","3":"status-publish","4":"has-post-thumbnail","6":"product_cat-jacken","7":"pa_brand-erima","8":"pa_brand-type-sportswear","9":"pa_filter-color-grau","10":"pa_filter-color-schwarz","12":"first","13":"instock","14":"sale","15":"taxable","16":"shipping-taxable","17":"purchasable","18":"product-type-variable","19":"add-to-wishlist-before_image"},"exclude_global_add_ons":[],"addons":[],"acf":[],"_links":{"self":[{"href":"https:\/\/shop.kustom.ch\/it\/wp-json\/wp\/v2\/product\/151930"}],"collection":[{"href":"https:\/\/shop.kustom.ch\/it\/wp-json\/wp\/v2\/product"}],"about":[{"href":"https:\/\/shop.kustom.ch\/it\/wp-json\/wp\/v2\/types\/product"}],"wp:featuredmedia":[{"embeddable":true,"href":"https:\/\/shop.kustom.ch\/it\/wp-json\/wp\/v2\/media\/151928"}],"wp:attachment":[{"href":"https:\/\/shop.kustom.ch\/it\/wp-json\/wp\/v2\/media?parent=151930"}],"wp:term":[{"taxonomy":"product_brand","embeddable":true,"href":"https:\/\/shop.kustom.ch\/it\/wp-json\/wp\/v2\/product_brand?post=151930"},{"taxonomy":"product_cat","embeddable":true,"href":"https:\/\/shop.kustom.ch\/it\/wp-json\/wp\/v2\/product_cat?post=151930"},{"taxonomy":"product_tag","embeddable":true,"href":"https:\/\/shop.kustom.ch\/it\/wp-json\/wp\/v2\/product_tag?post=151930"}],"curies":[{"name":"wp","href":"https:\/\/api.w.org\/{rel}","templated":true}]}}