{"id":114448,"date":"2024-03-21T17:00:40","date_gmt":"2024-03-21T16:00:40","guid":{"rendered":"https:\/\/kustomshop.kinsta.cloud\/produkt\/t-shirt-organic\/"},"modified":"2026-04-08T14:11:17","modified_gmt":"2026-04-08T13:11:17","slug":"t-shirt-organic","status":"publish","type":"product","link":"https:\/\/shop.kustom.ch\/it\/prodotto\/t-shirt-organic\/","title":{"rendered":"Maglietta biologica"},"content":{"rendered":"<p>Cotone da coltivazione biologica controllata<br \/>\nLavabile a 60 \u00b0C<br \/>\nRestringimento pre-trattato<br \/>\nUomo: Collo rotondo a coste<br \/>\nDonna: Colletto a coste con scollo a V<br \/>\nCuciture rinforzate sulle spalle<br \/>\nEtichetta della taglia JAKO sul collo<br \/>\nEtichetta con bandiera JAKO sulla cucitura laterale sinistra<br \/>\nMaglia singola<br \/>\n100 Cotone % (organico)<br \/>\nColore 520: 90 % cotone (organico), 10 % viscosa<br \/>\n160 g\/m\u00b2<\/p>","protected":false},"excerpt":{"rendered":"<p>Baumwolle aus kontrolliert biologischem Anbau 60 \u00b0C waschbar Einlaufvorbehandelt Herren: Rundhals-Rippkragen Damen: Rippkragen mit V-Ausschnitt Verst\u00e4rkte Schultern\u00e4hte JAKO Gr\u00f6ssenlabel im Nacken JAKO Flaglabel an der linken Seitennaht Single-Jersey 100 % Baumwolle (Bio) Fb. 520: 90 % Baumwolle (Bio), 10 % Viskose 160 g\/m\u00b2<\/p>","protected":false},"featured_media":245963,"template":"","meta":[],"product_brand":[],"product_cat":[4201],"product_tag":[],"class_list":{"0":"post-114448","1":"product","2":"type-product","3":"status-publish","4":"has-post-thumbnail","6":"product_cat-t-shirts","7":"pa_brand-jako","8":"pa_brand-type-workwear","9":"pa_filter-color-beige","10":"pa_filter-color-blau","11":"pa_filter-color-gelb","12":"pa_filter-color-grau","13":"pa_filter-color-gruen","14":"pa_filter-color-orange","15":"pa_filter-color-rot","16":"pa_filter-color-schwarz","17":"pa_filter-color-weiss","19":"first","20":"instock","21":"sale","22":"taxable","23":"shipping-taxable","24":"purchasable","25":"product-type-variable","26":"add-to-wishlist-before_image"},"exclude_global_add_ons":[],"addons":[],"acf":[],"_links":{"self":[{"href":"https:\/\/shop.kustom.ch\/it\/wp-json\/wp\/v2\/product\/114448"}],"collection":[{"href":"https:\/\/shop.kustom.ch\/it\/wp-json\/wp\/v2\/product"}],"about":[{"href":"https:\/\/shop.kustom.ch\/it\/wp-json\/wp\/v2\/types\/product"}],"wp:featuredmedia":[{"embeddable":true,"href":"https:\/\/shop.kustom.ch\/it\/wp-json\/wp\/v2\/media\/245963"}],"wp:attachment":[{"href":"https:\/\/shop.kustom.ch\/it\/wp-json\/wp\/v2\/media?parent=114448"}],"wp:term":[{"taxonomy":"product_brand","embeddable":true,"href":"https:\/\/shop.kustom.ch\/it\/wp-json\/wp\/v2\/product_brand?post=114448"},{"taxonomy":"product_cat","embeddable":true,"href":"https:\/\/shop.kustom.ch\/it\/wp-json\/wp\/v2\/product_cat?post=114448"},{"taxonomy":"product_tag","embeddable":true,"href":"https:\/\/shop.kustom.ch\/it\/wp-json\/wp\/v2\/product_tag?post=114448"}],"curies":[{"name":"wp","href":"https:\/\/api.w.org\/{rel}","templated":true}]}}