{"id":111955,"date":"2024-03-21T16:32:34","date_gmt":"2024-03-21T15:32:34","guid":{"rendered":"https:\/\/kustomshop.kinsta.cloud\/produkt\/t-shirt-pro-casual\/"},"modified":"2026-03-31T15:15:26","modified_gmt":"2026-03-31T14:15:26","slug":"t-shirt-pro-casual","status":"publish","type":"product","link":"https:\/\/shop.kustom.ch\/it\/prodotto\/t-shirt-pro-casual\/","title":{"rendered":"Maglietta Pro Casual"},"content":{"rendered":"<p>Marchio JAKO in tono sulla manica destra<br \/>\nImpugnatura morbida<br \/>\nSpacco laterale<br \/>\nSchiena estesa<br \/>\nEtichetta Teamline<br \/>\nMaglia elastica in poliestere<br \/>\n90 % poliestere (72 % riciclato), 10 % elastan<br \/>\n170 g\/m\u00b2<\/p>","protected":false},"excerpt":{"rendered":"<p>Tonales JAKO Branding auf dem rechten \u00c4rmel Weicher Griff Seitennaht-Schlitz Verl\u00e4ngerter R\u00fccken Teamline Label Polyester-Stretch-Jersey 90 % Polyester (72 % recycelt), 10 % Elasthan 170 g\/m\u00b2<\/p>","protected":false},"featured_media":245827,"template":"","meta":[],"product_brand":[],"product_cat":[4201],"product_tag":[],"class_list":{"0":"post-111955","1":"product","2":"type-product","3":"status-publish","4":"has-post-thumbnail","6":"product_cat-t-shirts","7":"pa_brand-jako","8":"pa_brand-type-sportswear","9":"pa_filter-color-beige","10":"pa_filter-color-blau","11":"pa_filter-color-grau","12":"pa_filter-color-rot","13":"pa_filter-color-schwarz","14":"pa_filter-color-weiss","16":"first","17":"instock","18":"sale","19":"taxable","20":"shipping-taxable","21":"purchasable","22":"product-type-variable","23":"add-to-wishlist-before_image"},"exclude_global_add_ons":[],"addons":[],"acf":[],"_links":{"self":[{"href":"https:\/\/shop.kustom.ch\/it\/wp-json\/wp\/v2\/product\/111955"}],"collection":[{"href":"https:\/\/shop.kustom.ch\/it\/wp-json\/wp\/v2\/product"}],"about":[{"href":"https:\/\/shop.kustom.ch\/it\/wp-json\/wp\/v2\/types\/product"}],"wp:featuredmedia":[{"embeddable":true,"href":"https:\/\/shop.kustom.ch\/it\/wp-json\/wp\/v2\/media\/245827"}],"wp:attachment":[{"href":"https:\/\/shop.kustom.ch\/it\/wp-json\/wp\/v2\/media?parent=111955"}],"wp:term":[{"taxonomy":"product_brand","embeddable":true,"href":"https:\/\/shop.kustom.ch\/it\/wp-json\/wp\/v2\/product_brand?post=111955"},{"taxonomy":"product_cat","embeddable":true,"href":"https:\/\/shop.kustom.ch\/it\/wp-json\/wp\/v2\/product_cat?post=111955"},{"taxonomy":"product_tag","embeddable":true,"href":"https:\/\/shop.kustom.ch\/it\/wp-json\/wp\/v2\/product_tag?post=111955"}],"curies":[{"name":"wp","href":"https:\/\/api.w.org\/{rel}","templated":true}]}}