{"id":111137,"date":"2024-03-21T16:23:34","date_gmt":"2024-03-21T15:23:34","guid":{"rendered":"https:\/\/kustomshop.kinsta.cloud\/produkt\/neckwarmer-mit-muetze\/"},"modified":"2026-03-31T15:12:59","modified_gmt":"2026-03-31T14:12:59","slug":"neckwarmer-mit-muetze","status":"publish","type":"product","link":"https:\/\/shop.kustom.ch\/it\/prodotto\/neckwarmer-mit-muetze\/","title":{"rendered":"Scaldacollo con cappuccio"},"content":{"rendered":"<p>Cappuccio integrato nel colletto<br \/>\nStruttura superficiale morbida per una sensazione di comfort<br \/>\nAd asciugatura rapida e traspirante<br \/>\nLogo JAKO in contrasto<br \/>\nMicropile<br \/>\n100 Poliestere %<\/p>","protected":false},"excerpt":{"rendered":"<p>Im Kragen integrierte Kapuze Weiche Oberfl\u00e4chenstruktur f\u00fcr angenehmes Tragegef\u00fchl Schnelltrocknend und atmungsaktiv JAKO Logo in Kontrast Micro-Fleece 100 % Polyester<\/p>","protected":false},"featured_media":240612,"template":"","meta":[],"product_brand":[],"product_cat":[9643,4209],"product_tag":[],"class_list":{"0":"post-111137","1":"product","2":"type-product","3":"status-publish","4":"has-post-thumbnail","6":"product_cat-equipment","7":"product_cat-zubehoer","8":"pa_brand-jako","9":"pa_brand-type-sportswear","10":"pa_filter-color-schwarz","12":"first","13":"instock","14":"sale","15":"taxable","16":"shipping-taxable","17":"purchasable","18":"product-type-variable","19":"add-to-wishlist-before_image"},"exclude_global_add_ons":[],"addons":[],"acf":[],"_links":{"self":[{"href":"https:\/\/shop.kustom.ch\/it\/wp-json\/wp\/v2\/product\/111137"}],"collection":[{"href":"https:\/\/shop.kustom.ch\/it\/wp-json\/wp\/v2\/product"}],"about":[{"href":"https:\/\/shop.kustom.ch\/it\/wp-json\/wp\/v2\/types\/product"}],"wp:featuredmedia":[{"embeddable":true,"href":"https:\/\/shop.kustom.ch\/it\/wp-json\/wp\/v2\/media\/240612"}],"wp:attachment":[{"href":"https:\/\/shop.kustom.ch\/it\/wp-json\/wp\/v2\/media?parent=111137"}],"wp:term":[{"taxonomy":"product_brand","embeddable":true,"href":"https:\/\/shop.kustom.ch\/it\/wp-json\/wp\/v2\/product_brand?post=111137"},{"taxonomy":"product_cat","embeddable":true,"href":"https:\/\/shop.kustom.ch\/it\/wp-json\/wp\/v2\/product_cat?post=111137"},{"taxonomy":"product_tag","embeddable":true,"href":"https:\/\/shop.kustom.ch\/it\/wp-json\/wp\/v2\/product_tag?post=111137"}],"curies":[{"name":"wp","href":"https:\/\/api.w.org\/{rel}","templated":true}]}}