{"id":110417,"date":"2024-03-20T18:40:33","date_gmt":"2024-03-20T17:40:33","guid":{"rendered":"https:\/\/kustomshop.kinsta.cloud\/produkt\/squad-sock-w-o-foot-solid-jr\/"},"modified":"2026-03-27T13:40:22","modified_gmt":"2026-03-27T12:40:22","slug":"squad-sock-w-o-foot-solid-jr","status":"publish","type":"product","link":"https:\/\/shop.kustom.ch\/it\/prodotto\/squad-sock-w-o-foot-solid-jr\/","title":{"rendered":"Calzino di squadra W-O Foot Solid JR"},"content":{"rendered":"<p>Squad Sock W-O Foot Solid \u00e8 un calzino funzionale per partite e allenamenti, senza parte del piede. Il calzino \u00e8 realizzato in un materiale resistente ed elastico che offre una buona vestibilit\u00e0. \u00c8 disponibile in un classico design monocolore.<\/p>\n<p>Materiale: nylon 70%, poliestere 20%, elastan 10%<\/p>","protected":false},"excerpt":{"rendered":"<p><span><\/span><\/p>","protected":false},"featured_media":110416,"template":"","meta":[],"product_brand":[],"product_cat":[4199],"product_tag":[],"class_list":{"0":"post-110417","1":"product","2":"type-product","3":"status-publish","4":"has-post-thumbnail","6":"product_cat-socken","7":"pa_brand-craft-teamwear","8":"pa_brand-type-sportswear","9":"pa_filter-color-blau","10":"pa_filter-color-gelb","11":"pa_filter-color-gruen","12":"pa_filter-color-rot","13":"pa_filter-color-schwarz","14":"pa_filter-color-weiss","16":"first","17":"instock","18":"sale","19":"taxable","20":"shipping-taxable","21":"purchasable","22":"product-type-variable","23":"add-to-wishlist-before_image"},"exclude_global_add_ons":[],"addons":[],"acf":[],"_links":{"self":[{"href":"https:\/\/shop.kustom.ch\/it\/wp-json\/wp\/v2\/product\/110417"}],"collection":[{"href":"https:\/\/shop.kustom.ch\/it\/wp-json\/wp\/v2\/product"}],"about":[{"href":"https:\/\/shop.kustom.ch\/it\/wp-json\/wp\/v2\/types\/product"}],"wp:featuredmedia":[{"embeddable":true,"href":"https:\/\/shop.kustom.ch\/it\/wp-json\/wp\/v2\/media\/110416"}],"wp:attachment":[{"href":"https:\/\/shop.kustom.ch\/it\/wp-json\/wp\/v2\/media?parent=110417"}],"wp:term":[{"taxonomy":"product_brand","embeddable":true,"href":"https:\/\/shop.kustom.ch\/it\/wp-json\/wp\/v2\/product_brand?post=110417"},{"taxonomy":"product_cat","embeddable":true,"href":"https:\/\/shop.kustom.ch\/it\/wp-json\/wp\/v2\/product_cat?post=110417"},{"taxonomy":"product_tag","embeddable":true,"href":"https:\/\/shop.kustom.ch\/it\/wp-json\/wp\/v2\/product_tag?post=110417"}],"curies":[{"name":"wp","href":"https:\/\/api.w.org\/{rel}","templated":true}]}}