{"id":110265,"date":"2024-03-20T18:39:33","date_gmt":"2024-03-20T17:39:33","guid":{"rendered":"https:\/\/kustomshop.kinsta.cloud\/produkt\/evolve-rain-jacket-w\/"},"modified":"2026-03-27T14:45:17","modified_gmt":"2026-03-27T13:45:17","slug":"evolve-rain-jacket-w","status":"publish","type":"product","link":"https:\/\/shop.kustom.ch\/it\/prodotto\/evolve-rain-jacket-w\/","title":{"rendered":"Giacca da pioggia Evolve W"},"content":{"rendered":"<p>La Evolve Rain Jacket \u00e8 una giacca leggera per l'allenamento in condizioni di pioggia. Questa giacca \u00e8 dotata di cuciture nastrate per un'impermeabilit\u00e0 ottimale e di una fodera in morbida rete per un efficiente trasporto dell'umidit\u00e0. Dispone inoltre di due tasche laterali e di un cappuccio ripiegabile e riponibile.<\/p>\n<p>- Materiale antivento e idrorepellente in poliestere riciclato 100%, WP 3000\/MVP 3000<br \/>\n- Fodera in rete<br \/>\n- Cuciture saldate<br \/>\n- Due tasche laterali<br \/>\n- Cappuccio pieghevole e stivabile<br \/>\n- Vestibilit\u00e0 normale<\/p>\n<p>Materiale: poliestere riciclato 100%<\/p>","protected":false},"excerpt":{"rendered":"<p><span><\/span><\/p>","protected":false},"featured_media":110264,"template":"","meta":[],"product_brand":[],"product_cat":[4186],"product_tag":[],"class_list":{"0":"post-110265","1":"product","2":"type-product","3":"status-publish","4":"has-post-thumbnail","6":"product_cat-jacken","7":"pa_brand-craft-teamwear","8":"pa_brand-type-sportswear","9":"pa_filter-color-blau","10":"pa_filter-color-rot","11":"pa_filter-color-schwarz","13":"first","14":"instock","15":"sale","16":"taxable","17":"shipping-taxable","18":"purchasable","19":"product-type-variable","20":"add-to-wishlist-before_image"},"exclude_global_add_ons":[],"addons":[],"acf":[],"_links":{"self":[{"href":"https:\/\/shop.kustom.ch\/it\/wp-json\/wp\/v2\/product\/110265"}],"collection":[{"href":"https:\/\/shop.kustom.ch\/it\/wp-json\/wp\/v2\/product"}],"about":[{"href":"https:\/\/shop.kustom.ch\/it\/wp-json\/wp\/v2\/types\/product"}],"wp:featuredmedia":[{"embeddable":true,"href":"https:\/\/shop.kustom.ch\/it\/wp-json\/wp\/v2\/media\/110264"}],"wp:attachment":[{"href":"https:\/\/shop.kustom.ch\/it\/wp-json\/wp\/v2\/media?parent=110265"}],"wp:term":[{"taxonomy":"product_brand","embeddable":true,"href":"https:\/\/shop.kustom.ch\/it\/wp-json\/wp\/v2\/product_brand?post=110265"},{"taxonomy":"product_cat","embeddable":true,"href":"https:\/\/shop.kustom.ch\/it\/wp-json\/wp\/v2\/product_cat?post=110265"},{"taxonomy":"product_tag","embeddable":true,"href":"https:\/\/shop.kustom.ch\/it\/wp-json\/wp\/v2\/product_tag?post=110265"}],"curies":[{"name":"wp","href":"https:\/\/api.w.org\/{rel}","templated":true}]}}