{"id":109389,"date":"2024-03-20T18:33:49","date_gmt":"2024-03-20T17:33:49","guid":{"rendered":"https:\/\/kustomshop.kinsta.cloud\/produkt\/nordlite-ultra-w\/"},"modified":"2026-03-27T16:04:35","modified_gmt":"2026-03-27T15:04:35","slug":"nordlite-ultra-w","status":"publish","type":"product","link":"https:\/\/shop.kustom.ch\/it\/prodotto\/nordlite-ultra-w\/","title":{"rendered":"Nordlite Ultra W"},"content":{"rendered":"<p>Nordlite Ultra \u00e8 una scarpa da corsa di altissimo livello che offre ai corridori d'\u00e9lite e ai dilettanti un'esperienza di corsa straordinaria. Per un livello superiore di reattivit\u00e0 e prestazioni. Realizzata interamente in Cr Foam\u2122, l'intersuola offre un'eccellente ammortizzazione e stabilit\u00e0 con un peso ridotto e un rimbalzo potente. La schiuma \u00e8 prodotta con un processo supercritico che consente di aumentare le prestazioni attraverso un'unica iniezione di un materiale non tossico e riciclabile per l'intersuola. Questa scarpa \u00e8 dotata di una suola ibrida che garantisce un'eccellente trazione ed \u00e8 adatta alla strada e ai terreni leggermente irregolari. La tomaia \u00e8 realizzata in un materiale a rete monostrato leggero e confortevole ad alta resistenza. Questa scarpa \u00e8 sinonimo di innovazione senza pari e offre un'esperienza di corsa superiore e un comfort di prima classe. I corridori percepiranno le prestazioni su tutta la superficie di corsa.<\/p>\n<p>- Scarpa con tomaia in mesh in un unico pezzo<br \/>\n- Intersuola ad altissimo rimbalzo in schiuma Cr Foam\u2122 estremamente leggera, prodotta con un processo supercritico.<br \/>\n-Soletta Ultra Rebound\u2122 per il massimo recupero dell'energia.<br \/>\n- Suola in gomma a 3 elementi per una trazione eccellente, adatta alla strada e ai terreni leggermente irregolari in diverse condizioni atmosferiche.<br \/>\n- Calzata regolare Craft. Tallone e mesopiede aderenti per un sostegno eccellente e spazio aggiuntivo per l'avampiede per un maggiore comfort e prestazioni ottimali.<\/p>\n<p>Materiale: Tomaia: poliestere 46%, poliestere riciclato 46%, TPU 8%. Intersuola: schiuma EVA supercritica 100%. Suola: gomma 100%<\/p>","protected":false},"excerpt":{"rendered":"<p>Nordlite Ultra ist ein Laufschuh der Extraklasse, der sowohl Elite- wie auch Hobby-L\u00e4ufer ein \u00fcberragendes Lauferlebnis bietet. F\u00fcr das n\u00e4chsth\u00f6here Level in Sachen Reaktionsf\u00e4higkeit und Leistung. Die vollst\u00e4ndig aus Cr Foam\u2122 hergestellte Mittelsohle bietet hervorragende D\u00e4mpfung und Stabilit\u00e4t bei weniger Gewicht sowie kraftvollen Rebound. Der Schaumstoff wird nach einem \u00fcberkritischen Verfahren hergestellt, bei dem erh\u00f6hte [&hellip;]<\/p>\n","protected":false},"featured_media":706551,"template":"","meta":[],"product_brand":[],"product_cat":[4197],"product_tag":[],"class_list":{"0":"post-109389","1":"product","2":"type-product","3":"status-publish","4":"has-post-thumbnail","6":"product_cat-schuhe-sandalen","7":"pa_brand-craft","8":"pa_brand-type-sportswear","9":"pa_filter-color-schwarz","10":"pa_filter-color-weiss","12":"first","13":"instock","14":"sale","15":"taxable","16":"shipping-taxable","17":"purchasable","18":"product-type-variable","19":"add-to-wishlist-before_image"},"exclude_global_add_ons":[],"addons":[],"acf":[],"_links":{"self":[{"href":"https:\/\/shop.kustom.ch\/it\/wp-json\/wp\/v2\/product\/109389"}],"collection":[{"href":"https:\/\/shop.kustom.ch\/it\/wp-json\/wp\/v2\/product"}],"about":[{"href":"https:\/\/shop.kustom.ch\/it\/wp-json\/wp\/v2\/types\/product"}],"wp:featuredmedia":[{"embeddable":true,"href":"https:\/\/shop.kustom.ch\/it\/wp-json\/wp\/v2\/media\/706551"}],"wp:attachment":[{"href":"https:\/\/shop.kustom.ch\/it\/wp-json\/wp\/v2\/media?parent=109389"}],"wp:term":[{"taxonomy":"product_brand","embeddable":true,"href":"https:\/\/shop.kustom.ch\/it\/wp-json\/wp\/v2\/product_brand?post=109389"},{"taxonomy":"product_cat","embeddable":true,"href":"https:\/\/shop.kustom.ch\/it\/wp-json\/wp\/v2\/product_cat?post=109389"},{"taxonomy":"product_tag","embeddable":true,"href":"https:\/\/shop.kustom.ch\/it\/wp-json\/wp\/v2\/product_tag?post=109389"}],"curies":[{"name":"wp","href":"https:\/\/api.w.org\/{rel}","templated":true}]}}