{"id":109267,"date":"2024-03-20T18:33:12","date_gmt":"2024-03-20T17:33:12","guid":{"rendered":"https:\/\/kustomshop.kinsta.cloud\/produkt\/nordlite-speed-w\/"},"modified":"2026-03-27T16:02:33","modified_gmt":"2026-03-27T15:02:33","slug":"nordlite-speed-w","status":"publish","type":"product","link":"https:\/\/shop.kustom.ch\/it\/prodotto\/nordlite-speed-w\/","title":{"rendered":"Nordlite Speed W"},"content":{"rendered":"<p>La Nordlite Speed rappresenta il livello successivo di reattivit\u00e0 e prestazioni per gli appassionati di corsa su strada. La struttura stabile, l'avampiede ampio e la calzata confortevole sul tallone assicurano un comfort eccezionale durante la corsa intensiva su lunghe distanze.<\/p>\n<p>Questa scarpa da corsa di qualit\u00e0 superiore \u00e8 dotata di un'intersuola supercritica in Cr-Foam\u2122 che offre ammortizzazione e stabilit\u00e0 con un peso ridotto e un rimbalzo esplosivo. Massima espressione di semplicit\u00e0 avanzata, la scarpa presenta una Ultra Carbon Plate\u2122 a vista che offre enormi vantaggi meccanici in termini di efficienza e propulsione. Inoltre, la scarpa poggia su una suola piatta per un peso minimo e la massima aderenza sulla strada. La tomaia \u00e8 realizzata in tessuto tecnico a rete monostrato, leggero, confortevole e resistente. Gli atleti di punta e i runner di tutti i giorni beneficiano di questi vantaggi a ogni passo. Utilizzate dal Craft Elite Run Team per le gare e gli allenamenti.<\/p>\n<p>Cr Foam\u2122<br \/>\nCr Foam\u2122 \u00e8 una schiuma ultraleggera per l'intersuola realizzata con materiali pregiati che garantisce un eccellente ritorno di energia e una corsa morbida come un cuscino su una variet\u00e0 di terreni. La schiuma \u00e8 prodotta con una tecnologia avanzata che prevede un processo atossico in cui non vengono aggiunte sostanze chimiche alle materie prime. Inoltre, gli elementi sono completamente integrati ad alta temperatura e pressione, migliorando le propriet\u00e0 della schiuma e ottenendo un livello superiore di prestazioni. <\/p>\n<p>Piastra Ultra Carbon\u2122<br \/>\nLa sottile Ultra Carbon Plate\u2122, realizzata con fibre di carbonio accuratamente selezionate, funziona quasi come un trampolino e offre il miglior ritorno di energia della sua categoria. Inoltre, la piastra in carbonio sintonizzata \u00e8 dotata di uno spacco di precisione che consente all'alluce di muoversi in modo indipendente sul lato mediale della piastra e alle altre dita sul lato laterale, creando una torsione per fornire un rimbalzo ultra su superfici e angoli diversi.<\/p>\n<p>Craft Endurance Fit\u00ae<br \/>\nLa calzata Craft Endurance Fit\u00ae \u00e8 caratterizzata da un contrafforte del tallone stretto, un ponte di sostegno nella parte centrale del piede e un avampiede spazioso. Il contrafforte del tallone stretto assicura una calzata aderente senza scivolare e una stabilit\u00e0 impareggiabile su qualsiasi terreno. Il ponte sul mesopiede garantisce una tenuta sicura e offre fiducia a ogni passo. La spaziosa area dell'avampiede consente alle dita dei piedi e ai metatarsi di muoversi naturalmente, offrendo un comfort ancora maggiore.<\/p>\n<p>- Tomaia ultrasottile in tessuto a rete TPU trasparente<br \/>\n- Intersuola in Cr-Foam\u2122 - ultraleggera e ad altissimo rimbalzo<br \/>\n- Piastra Ultra Carbon\u2122<br \/>\n- Suola piatta per ridurre al minimo il peso e massimizzare l'aderenza alla strada<br \/>\n- Soletta in Ortholite\u2122 riciclata ad alta resilienza<br \/>\nCraft Endurance Fit\u00ae<br \/>\n- Peso: 235 g nella taglia UK5<br \/>\n- Tallone 39 mm, avampiede 33 mm, compresa la soletta.<br \/>\n- Svasatura: 6 mm<\/p>\n<p>Materiale: Tomaia 100% uretani termoplastici, Intersuola 100% schiuma supercritica EVA, Inserto intersuola 100% fibra di carbonio, Suola 100% gomma<\/p>","protected":false},"excerpt":{"rendered":"<p>Nordlite Speed stellt f\u00fcr engagierte Strassenl\u00e4ufer die n\u00e4chste Stufe der Reaktionsf\u00e4higkeit und Leistung dar. Eine stabile Konstruktion, ein breiter Vorderfuss und eine bequeme Fersenpassform sorgen f\u00fcr hervorragenden Komfort beim intensiven Langstreckenlauf. Dieser Premium-Laufschuh verf\u00fcgt \u00fcber eine \u00fcberkritische Cr-Foam\u2122-Zwischensohle, die D\u00e4mpfung und Stabilit\u00e4t bei reduziertem Gewicht und explosiver R\u00fcckfederung bietet. Der Schuh ist der ultimative Ausdruck [&hellip;]<\/p>\n","protected":false},"featured_media":706566,"template":"","meta":[],"product_brand":[],"product_cat":[4197],"product_tag":[],"class_list":{"0":"post-109267","1":"product","2":"type-product","3":"status-publish","4":"has-post-thumbnail","6":"product_cat-schuhe-sandalen","7":"pa_brand-craft","8":"pa_brand-type-sportswear","9":"pa_filter-color-grau","10":"pa_filter-color-rot","12":"first","13":"instock","14":"sale","15":"taxable","16":"shipping-taxable","17":"purchasable","18":"product-type-variable","19":"add-to-wishlist-before_image"},"exclude_global_add_ons":[],"addons":[],"acf":[],"_links":{"self":[{"href":"https:\/\/shop.kustom.ch\/it\/wp-json\/wp\/v2\/product\/109267"}],"collection":[{"href":"https:\/\/shop.kustom.ch\/it\/wp-json\/wp\/v2\/product"}],"about":[{"href":"https:\/\/shop.kustom.ch\/it\/wp-json\/wp\/v2\/types\/product"}],"wp:featuredmedia":[{"embeddable":true,"href":"https:\/\/shop.kustom.ch\/it\/wp-json\/wp\/v2\/media\/706566"}],"wp:attachment":[{"href":"https:\/\/shop.kustom.ch\/it\/wp-json\/wp\/v2\/media?parent=109267"}],"wp:term":[{"taxonomy":"product_brand","embeddable":true,"href":"https:\/\/shop.kustom.ch\/it\/wp-json\/wp\/v2\/product_brand?post=109267"},{"taxonomy":"product_cat","embeddable":true,"href":"https:\/\/shop.kustom.ch\/it\/wp-json\/wp\/v2\/product_cat?post=109267"},{"taxonomy":"product_tag","embeddable":true,"href":"https:\/\/shop.kustom.ch\/it\/wp-json\/wp\/v2\/product_tag?post=109267"}],"curies":[{"name":"wp","href":"https:\/\/api.w.org\/{rel}","templated":true}]}}