{"id":109133,"date":"2024-03-20T18:32:33","date_gmt":"2024-03-20T17:32:33","guid":{"rendered":"https:\/\/kustomshop.kinsta.cloud\/produkt\/endurance-trail-m\/"},"modified":"2026-03-27T16:04:21","modified_gmt":"2026-03-27T15:04:21","slug":"endurance-trail-m","status":"publish","type":"product","link":"https:\/\/shop.kustom.ch\/it\/prodotto\/endurance-trail-m\/","title":{"rendered":"Endurance Trail M"},"content":{"rendered":"<p>L'Endurance Trail \u00e8 una scarpa da trail running resistente, con una suola battistrada e una calzata relativamente stretta, progettata per le corse di lunga durata su superfici prevalentemente leggere.<\/p>\n<p>Questa scarpa da corsa di livello professionale \u00e8 dotata di un'intersuola Px-Foam\u2122 a tutta lunghezza che, combinata con un'altezza ottimizzata, garantisce una partenza esplosiva, un atterraggio elastico e una falcata efficiente. La suola con battistrada a media altezza massimizza l'energia su terreni variegati e garantisce un'aderenza eccellente su sentieri moderati e prestazioni ottimali su strade e sentieri leggeri. Inoltre, la tomaia in mesh monopezzo completamente ingegnerizzata lavora in armonia con il piede, offrendo comfort e sostegno a ogni camminata agile. <\/p>\n<p>Xx Schiuma\u2122<br \/>\nPx Foam\u2122 \u00e8 un materiale ultraleggero per l'intersuola caratterizzato da un eccellente ritorno di energia, assorbimento degli urti e flessibilit\u00e0. Questo materiale innovativo \u00e8 realizzato con un unico agente schiumogeno naturale e non contiene agenti chimici di reticolazione, garantendo un processo atossico. Inoltre, i materiali grezzi e finiti sono completamente riciclabili. La schiuma ad alte prestazioni ha una densit\u00e0 estremamente bassa, che la rende fino a 20 % pi\u00f9 leggera dell'EVA convenzionale. Il peso ridotto, unito al rimbalzo esplosivo, rende la Px Foam\u2122 perfetta per qualsiasi corsa.<\/p>\n<p>- Tomaia monopezzo in tessuto tecnico a rete, di cui 50 % realizzati con materiali riciclati<br \/>\n- Intersuola in Px-Foam\u2122: sensazione e rimbalzo superiori<br \/>\n- Soletta dal design sagomato per un peso ridotto e un comfort di prima classe<br \/>\n- La suola in gomma resistente con battistrada offre un'eccellente trazione e aderenza senza appesantire.<br \/>\n- Lacci delle scarpe realizzati in materiale riciclato 100 %<br \/>\n- Schiuma del sottopiede realizzata con 30 materiali riciclati %<br \/>\n- Peso: 285 g nella taglia UK8<br \/>\n- Tacco 36 mm, avampiede 27 mm incl. soletta<br \/>\n- Svasatura: 9 mm<\/p>\n<p>Materiale: Tomaia 54% poliestere riciclato, 42% uretani termoplastici, 2% poliestere, 2% nylon, imbottitura 100% poliestere, fodera 100% poliestere riciclato, Soletta 75% Poliestere riciclato, 25% Poliestere, Soletta 50% Poliestere riciclato, 50% Poliestere, Lacci 100% Poliestere, Intersuola 100% Schiuma ETPU, Suola 100% Gomma<\/p>","protected":false},"excerpt":{"rendered":"<p>Der Endurance Trail ist ein strapazierf\u00e4higer Trailrunning-Schuh mit Profillaufsohle und relativ enger Passform, der f\u00fcr Langstreckenl\u00e4ufe auf \u00fcberwiegend leichtem Trail-Untergrund konzipiert ist. Dieser Laufschuh der Profiklasse verf\u00fcgt \u00fcber eine durchgehende Px-Foam\u2122-Zwischensohle, die in Kombination mit einer optimalen Stapelh\u00f6he f\u00fcr explosives Abstossen mit den Zehen, federweiche Landung und effizienten Schritt sorgt. Die mittelhohe Profillaufsohle des Schuhs [&hellip;]<\/p>\n","protected":false},"featured_media":706568,"template":"","meta":[],"product_brand":[],"product_cat":[4197],"product_tag":[],"class_list":{"0":"post-109133","1":"product","2":"type-product","3":"status-publish","4":"has-post-thumbnail","6":"product_cat-schuhe-sandalen","7":"pa_brand-craft","8":"pa_brand-type-sportswear","9":"pa_filter-color-blau","10":"pa_filter-color-grau","11":"pa_filter-color-gruen","13":"first","14":"instock","15":"sale","16":"taxable","17":"shipping-taxable","18":"purchasable","19":"product-type-variable","20":"add-to-wishlist-before_image"},"exclude_global_add_ons":[],"addons":[],"acf":[],"_links":{"self":[{"href":"https:\/\/shop.kustom.ch\/it\/wp-json\/wp\/v2\/product\/109133"}],"collection":[{"href":"https:\/\/shop.kustom.ch\/it\/wp-json\/wp\/v2\/product"}],"about":[{"href":"https:\/\/shop.kustom.ch\/it\/wp-json\/wp\/v2\/types\/product"}],"wp:featuredmedia":[{"embeddable":true,"href":"https:\/\/shop.kustom.ch\/it\/wp-json\/wp\/v2\/media\/706568"}],"wp:attachment":[{"href":"https:\/\/shop.kustom.ch\/it\/wp-json\/wp\/v2\/media?parent=109133"}],"wp:term":[{"taxonomy":"product_brand","embeddable":true,"href":"https:\/\/shop.kustom.ch\/it\/wp-json\/wp\/v2\/product_brand?post=109133"},{"taxonomy":"product_cat","embeddable":true,"href":"https:\/\/shop.kustom.ch\/it\/wp-json\/wp\/v2\/product_cat?post=109133"},{"taxonomy":"product_tag","embeddable":true,"href":"https:\/\/shop.kustom.ch\/it\/wp-json\/wp\/v2\/product_tag?post=109133"}],"curies":[{"name":"wp","href":"https:\/\/api.w.org\/{rel}","templated":true}]}}