{"id":109094,"date":"2024-03-20T18:32:12","date_gmt":"2024-03-20T17:32:12","guid":{"rendered":"https:\/\/kustomshop.kinsta.cloud\/produkt\/nor-adv-nordic-training-speed-jacket-w\/"},"modified":"2026-03-27T13:37:18","modified_gmt":"2026-03-27T12:37:18","slug":"nor-adv-nordic-training-speed-jacket-w","status":"publish","type":"product","link":"https:\/\/shop.kustom.ch\/it\/prodotto\/nor-adv-nordic-training-speed-jacket-w\/","title":{"rendered":"Nor ADV Nordic Training Speed Jacket W"},"content":{"rendered":"<p>Questa giacca da sci di fondo avanzata, con una leggera fodera sul davanti, \u00e8 progettata per l'allenamento ad alta intensit\u00e0 in condizioni di freddo. La giacca \u00e8 dotata di materiale antivento e impermeabile sul davanti e di jersey spazzolato sul retro e sotto le maniche per un'efficace gestione della temperatura corporea. La parte anteriore \u00e8 foderata con un pile a rete che regola l'umidit\u00e0 per un ulteriore isolamento e funzionalit\u00e0.<\/p>\n<p>Materiale: Parte superiore: 100% poliestere Parte inferiore: Materiale 1100% poliestere secondo materiale 100% poliuretano terzo materiale 100% poliestere Maniche: Materiale 1100% poliestere secondo materiale 100% poliuretano terzo materiale 100% poliestere Retro: 83% poliestere riciclato 12% elastan<\/p>","protected":false},"excerpt":{"rendered":"<p><span><\/span><\/p>","protected":false},"featured_media":109093,"template":"","meta":[],"product_brand":[],"product_cat":[4186],"product_tag":[],"class_list":{"0":"post-109094","1":"product","2":"type-product","3":"status-publish","4":"has-post-thumbnail","6":"product_cat-jacken","7":"pa_brand-craft-retail-sportswear","8":"pa_brand-type-sportswear","9":"pa_filter-color-blau","10":"pa_filter-color-weiss","12":"first","13":"instock","14":"sale","15":"taxable","16":"shipping-taxable","17":"purchasable","18":"product-type-variable","19":"add-to-wishlist-before_image"},"exclude_global_add_ons":[],"addons":[],"acf":[],"_links":{"self":[{"href":"https:\/\/shop.kustom.ch\/it\/wp-json\/wp\/v2\/product\/109094"}],"collection":[{"href":"https:\/\/shop.kustom.ch\/it\/wp-json\/wp\/v2\/product"}],"about":[{"href":"https:\/\/shop.kustom.ch\/it\/wp-json\/wp\/v2\/types\/product"}],"wp:featuredmedia":[{"embeddable":true,"href":"https:\/\/shop.kustom.ch\/it\/wp-json\/wp\/v2\/media\/109093"}],"wp:attachment":[{"href":"https:\/\/shop.kustom.ch\/it\/wp-json\/wp\/v2\/media?parent=109094"}],"wp:term":[{"taxonomy":"product_brand","embeddable":true,"href":"https:\/\/shop.kustom.ch\/it\/wp-json\/wp\/v2\/product_brand?post=109094"},{"taxonomy":"product_cat","embeddable":true,"href":"https:\/\/shop.kustom.ch\/it\/wp-json\/wp\/v2\/product_cat?post=109094"},{"taxonomy":"product_tag","embeddable":true,"href":"https:\/\/shop.kustom.ch\/it\/wp-json\/wp\/v2\/product_tag?post=109094"}],"curies":[{"name":"wp","href":"https:\/\/api.w.org\/{rel}","templated":true}]}}