{"id":107685,"date":"2024-03-20T18:23:03","date_gmt":"2024-03-20T17:23:03","guid":{"rendered":"https:\/\/kustomshop.kinsta.cloud\/produkt\/extend-half-zip-m\/"},"modified":"2026-03-27T15:42:28","modified_gmt":"2026-03-27T14:42:28","slug":"extend-half-zip-m","status":"publish","type":"product","link":"https:\/\/shop.kustom.ch\/it\/prodotto\/extend-half-zip-m\/","title":{"rendered":"Mezza zip Extend M"},"content":{"rendered":"<p>EXTEND Half Zip \u00e8 un top da allenamento altamente funzionale, progettato per prestazioni atletiche di alto livello. Questa maglia di alta qualit\u00e0, realizzata in pregiato poliestere riciclato molto elasticizzato, offre un eccellente trasporto dell'umidit\u00e0 e una libert\u00e0 di movimento illimitata. Presenta inoltre una zip saldata a mezza lunghezza sul davanti e un colletto bomber. Vestibilit\u00e0 aderente.<br \/>\n-<\/p>\n<p>Materiale: 88 % poliestere riciclato, 12% elastan<\/p>","protected":false},"excerpt":{"rendered":"<p><span><\/span><\/p>","protected":false},"featured_media":107684,"template":"","meta":[],"product_brand":[],"product_cat":[4191],"product_tag":[],"class_list":{"0":"post-107685","1":"product","2":"type-product","3":"status-publish","4":"has-post-thumbnail","6":"product_cat-longsleeves-sweatshirts","7":"pa_brand-craft-teamwear","8":"pa_brand-type-sportswear","9":"pa_filter-color-blau","10":"pa_filter-color-gelb","11":"pa_filter-color-grau","12":"pa_filter-color-gruen","13":"pa_filter-color-rot","15":"first","16":"instock","17":"sale","18":"taxable","19":"shipping-taxable","20":"purchasable","21":"product-type-variable","22":"add-to-wishlist-before_image"},"exclude_global_add_ons":[],"addons":[],"acf":[],"_links":{"self":[{"href":"https:\/\/shop.kustom.ch\/it\/wp-json\/wp\/v2\/product\/107685"}],"collection":[{"href":"https:\/\/shop.kustom.ch\/it\/wp-json\/wp\/v2\/product"}],"about":[{"href":"https:\/\/shop.kustom.ch\/it\/wp-json\/wp\/v2\/types\/product"}],"wp:featuredmedia":[{"embeddable":true,"href":"https:\/\/shop.kustom.ch\/it\/wp-json\/wp\/v2\/media\/107684"}],"wp:attachment":[{"href":"https:\/\/shop.kustom.ch\/it\/wp-json\/wp\/v2\/media?parent=107685"}],"wp:term":[{"taxonomy":"product_brand","embeddable":true,"href":"https:\/\/shop.kustom.ch\/it\/wp-json\/wp\/v2\/product_brand?post=107685"},{"taxonomy":"product_cat","embeddable":true,"href":"https:\/\/shop.kustom.ch\/it\/wp-json\/wp\/v2\/product_cat?post=107685"},{"taxonomy":"product_tag","embeddable":true,"href":"https:\/\/shop.kustom.ch\/it\/wp-json\/wp\/v2\/product_tag?post=107685"}],"curies":[{"name":"wp","href":"https:\/\/api.w.org\/{rel}","templated":true}]}}