{"id":107636,"date":"2024-03-20T18:22:49","date_gmt":"2024-03-20T17:22:49","guid":{"rendered":"https:\/\/kustomshop.kinsta.cloud\/produkt\/extend-full-zip-w\/"},"modified":"2026-03-27T13:49:49","modified_gmt":"2026-03-27T12:49:49","slug":"extend-full-zip-w","status":"publish","type":"product","link":"https:\/\/shop.kustom.ch\/it\/prodotto\/extend-full-zip-w\/","title":{"rendered":"Estendere la zip integrale W"},"content":{"rendered":"<p>Extend Full Zip \u00e8 un top da allenamento altamente funzionale, progettato per prestazioni atletiche di alto livello. Questa maglia di alta qualit\u00e0, realizzata in pregiato poliestere riciclato molto elastico, offre un eccellente trasporto dell'umidit\u00e0 e una libert\u00e0 di movimento illimitata. Presenta inoltre una zip a tutta lunghezza, due inserti laterali con superficie in materiale testurizzato, due tasche laterali con zip, un cappuccio in tessuto e un passante per chiudere saldamente il cappuccio quando non viene utilizzato. Vestibilit\u00e0 aderente.<\/p>\n<p>Materiale: 88% poliestere riciclato, 12% elastan, cappuccio: 60% poliestere riciclato, 40% poliestere<\/p>","protected":false},"excerpt":{"rendered":"<p><span><\/span><\/p>","protected":false},"featured_media":107635,"template":"","meta":[],"product_brand":[],"product_cat":[4191],"product_tag":[],"class_list":{"0":"post-107636","1":"product","2":"type-product","3":"status-publish","4":"has-post-thumbnail","6":"product_cat-longsleeves-sweatshirts","7":"pa_brand-craft-teamwear","8":"pa_brand-type-sportswear","9":"pa_filter-color-blau","10":"pa_filter-color-gelb","11":"pa_filter-color-grau","12":"pa_filter-color-gruen","13":"pa_filter-color-rot","15":"first","16":"instock","17":"sale","18":"taxable","19":"shipping-taxable","20":"purchasable","21":"product-type-variable","22":"add-to-wishlist-before_image"},"exclude_global_add_ons":[],"addons":[],"acf":[],"_links":{"self":[{"href":"https:\/\/shop.kustom.ch\/it\/wp-json\/wp\/v2\/product\/107636"}],"collection":[{"href":"https:\/\/shop.kustom.ch\/it\/wp-json\/wp\/v2\/product"}],"about":[{"href":"https:\/\/shop.kustom.ch\/it\/wp-json\/wp\/v2\/types\/product"}],"wp:featuredmedia":[{"embeddable":true,"href":"https:\/\/shop.kustom.ch\/it\/wp-json\/wp\/v2\/media\/107635"}],"wp:attachment":[{"href":"https:\/\/shop.kustom.ch\/it\/wp-json\/wp\/v2\/media?parent=107636"}],"wp:term":[{"taxonomy":"product_brand","embeddable":true,"href":"https:\/\/shop.kustom.ch\/it\/wp-json\/wp\/v2\/product_brand?post=107636"},{"taxonomy":"product_cat","embeddable":true,"href":"https:\/\/shop.kustom.ch\/it\/wp-json\/wp\/v2\/product_cat?post=107636"},{"taxonomy":"product_tag","embeddable":true,"href":"https:\/\/shop.kustom.ch\/it\/wp-json\/wp\/v2\/product_tag?post=107636"}],"curies":[{"name":"wp","href":"https:\/\/api.w.org\/{rel}","templated":true}]}}