{"id":107568,"date":"2024-03-20T18:22:27","date_gmt":"2024-03-20T17:22:27","guid":{"rendered":"https:\/\/kustomshop.kinsta.cloud\/produkt\/squad-2-0-pant-jr\/"},"modified":"2026-03-27T15:41:50","modified_gmt":"2026-03-27T14:41:50","slug":"squad-2-0-pant-jr","status":"publish","type":"product","link":"https:\/\/shop.kustom.ch\/it\/prodotto\/squad-2-0-pant-jr\/","title":{"rendered":"Squadra 2.0 Pant Jr"},"content":{"rendered":"<p>I pantaloni Squad 2.0 sono pantaloni da allenamento funzionali per principianti realizzati in poliestere riciclato che offrono un efficiente trasporto dell'umidit\u00e0 per prestazioni ottimali. L'elevata elasticit\u00e0 e il design ergonomico assicurano inoltre un alto livello di comfort e una libert\u00e0 di movimento illimitata. I pantaloni da allenamento sono dotati di due tasche laterali e di una zip all'estremit\u00e0 delle gambe per indossarli e toglierli rapidamente.<\/p>\n<p>Materiale: poliestere riciclato 100%<\/p>","protected":false},"excerpt":{"rendered":"<p><span><\/span><\/p>","protected":false},"featured_media":107567,"template":"","meta":[],"product_brand":[],"product_cat":[4185],"product_tag":[],"class_list":{"0":"post-107568","1":"product","2":"type-product","3":"status-publish","4":"has-post-thumbnail","6":"product_cat-hosen","7":"pa_brand-craft-teamwear","8":"pa_brand-type-sportswear","9":"pa_filter-color-blau","10":"pa_filter-color-schwarz","12":"first","13":"instock","14":"sale","15":"taxable","16":"shipping-taxable","17":"purchasable","18":"product-type-variable","19":"add-to-wishlist-before_image"},"exclude_global_add_ons":[],"addons":[],"acf":[],"_links":{"self":[{"href":"https:\/\/shop.kustom.ch\/it\/wp-json\/wp\/v2\/product\/107568"}],"collection":[{"href":"https:\/\/shop.kustom.ch\/it\/wp-json\/wp\/v2\/product"}],"about":[{"href":"https:\/\/shop.kustom.ch\/it\/wp-json\/wp\/v2\/types\/product"}],"wp:featuredmedia":[{"embeddable":true,"href":"https:\/\/shop.kustom.ch\/it\/wp-json\/wp\/v2\/media\/107567"}],"wp:attachment":[{"href":"https:\/\/shop.kustom.ch\/it\/wp-json\/wp\/v2\/media?parent=107568"}],"wp:term":[{"taxonomy":"product_brand","embeddable":true,"href":"https:\/\/shop.kustom.ch\/it\/wp-json\/wp\/v2\/product_brand?post=107568"},{"taxonomy":"product_cat","embeddable":true,"href":"https:\/\/shop.kustom.ch\/it\/wp-json\/wp\/v2\/product_cat?post=107568"},{"taxonomy":"product_tag","embeddable":true,"href":"https:\/\/shop.kustom.ch\/it\/wp-json\/wp\/v2\/product_tag?post=107568"}],"curies":[{"name":"wp","href":"https:\/\/api.w.org\/{rel}","templated":true}]}}