{"id":107469,"date":"2024-03-20T18:21:54","date_gmt":"2024-03-20T17:21:54","guid":{"rendered":"https:\/\/kustomshop.kinsta.cloud\/produkt\/squad-2-0-crewneck-w\/"},"modified":"2026-03-27T15:20:32","modified_gmt":"2026-03-27T14:20:32","slug":"squad-2-0-crewneck-w","status":"publish","type":"product","link":"https:\/\/shop.kustom.ch\/it\/prodotto\/squad-2-0-crewneck-w\/","title":{"rendered":"Squadra 2.0 Girocollo W"},"content":{"rendered":"<p>Squad 2.0 Crew Neck \u00e8 una maglia da allenamento a maniche lunghe per principianti realizzata in poliestere riciclato che offre un efficiente trasporto dell'umidit\u00e0 per prestazioni ottimali. Inoltre, l'elevata elasticit\u00e0 e il design ergonomico garantiscono un alto livello di comfort e una libert\u00e0 di movimento illimitata. Questa maglia da allenamento a maniche lunghe ha un design a blocchi di colore. Vestibilit\u00e0 regolare.<\/p>\n<p>Materiale: poliestere riciclato 100%<\/p>","protected":false},"excerpt":{"rendered":"<p><span><\/span><\/p>","protected":false},"featured_media":107468,"template":"","meta":[],"product_brand":[],"product_cat":[4191],"product_tag":[],"class_list":{"0":"post-107469","1":"product","2":"type-product","3":"status-publish","4":"has-post-thumbnail","6":"product_cat-longsleeves-sweatshirts","7":"pa_brand-craft-teamwear","8":"pa_brand-type-sportswear","9":"pa_filter-color-blau","10":"pa_filter-color-grau","11":"pa_filter-color-gruen","12":"pa_filter-color-rot","13":"pa_filter-color-schwarz","15":"first","16":"instock","17":"sale","18":"taxable","19":"shipping-taxable","20":"purchasable","21":"product-type-variable","22":"add-to-wishlist-before_image"},"exclude_global_add_ons":[],"addons":[],"acf":[],"_links":{"self":[{"href":"https:\/\/shop.kustom.ch\/it\/wp-json\/wp\/v2\/product\/107469"}],"collection":[{"href":"https:\/\/shop.kustom.ch\/it\/wp-json\/wp\/v2\/product"}],"about":[{"href":"https:\/\/shop.kustom.ch\/it\/wp-json\/wp\/v2\/types\/product"}],"wp:featuredmedia":[{"embeddable":true,"href":"https:\/\/shop.kustom.ch\/it\/wp-json\/wp\/v2\/media\/107468"}],"wp:attachment":[{"href":"https:\/\/shop.kustom.ch\/it\/wp-json\/wp\/v2\/media?parent=107469"}],"wp:term":[{"taxonomy":"product_brand","embeddable":true,"href":"https:\/\/shop.kustom.ch\/it\/wp-json\/wp\/v2\/product_brand?post=107469"},{"taxonomy":"product_cat","embeddable":true,"href":"https:\/\/shop.kustom.ch\/it\/wp-json\/wp\/v2\/product_cat?post=107469"},{"taxonomy":"product_tag","embeddable":true,"href":"https:\/\/shop.kustom.ch\/it\/wp-json\/wp\/v2\/product_tag?post=107469"}],"curies":[{"name":"wp","href":"https:\/\/api.w.org\/{rel}","templated":true}]}}