{"id":107018,"date":"2024-03-20T18:19:35","date_gmt":"2024-03-20T17:19:35","guid":{"rendered":"https:\/\/kustomshop.kinsta.cloud\/produkt\/core-nordic-ski-club-skirt-w\/"},"modified":"2026-03-27T13:49:33","modified_gmt":"2026-03-27T12:49:33","slug":"core-nordic-ski-club-skirt-w","status":"publish","type":"product","link":"https:\/\/shop.kustom.ch\/it\/prodotto\/core-nordic-ski-club-skirt-w\/","title":{"rendered":"Gonna del club di sci nordico CORE W"},"content":{"rendered":"<p>Gonna da fondo imbottita, calda e versatile, per lo sci di fondo in condizioni di freddo. Trapuntata e imbottita sul davanti e sul retro, \u00e8 dotata di una maglia ruvida sui lati per una maggiore libert\u00e0 di movimento. Ampia fascia in vita per una vestibilit\u00e0 ottimale e cerniere a 2 vie sulle cuciture laterali per una facile vestibilit\u00e0.<br \/>\n- Imbottito e imbottito sul davanti e sul retro per garantire calore e comfort.<br \/>\n-60 GSM imbottitura.<br \/>\n-Tasca a toppa con zip nascosta sul davanti.<br \/>\n-Zip a due vie sulla cucitura laterale per facilitare la vestizione e la svestizione.<br \/>\n-Morbido jersey spazzolato in vita.<br \/>\n-Fascia in vita con taglio pi\u00f9 ampio per una migliore vestibilit\u00e0<br \/>\n-Morbido jersey spazzolato sui fianchi per una maggiore libert\u00e0 di movimento.<\/p>\n<p>Materiale: Corpo e fodera: 45% poliestere riciclato 55% poliestere Imbottitura: 100% poliestere<\/p>","protected":false},"excerpt":{"rendered":"<p><span><\/span><\/p>","protected":false},"featured_media":107017,"template":"","meta":[],"product_brand":[],"product_cat":[4194],"product_tag":[],"class_list":{"0":"post-107018","1":"product","2":"type-product","3":"status-publish","4":"has-post-thumbnail","6":"product_cat-roecke","7":"pa_brand-craft-retail-sportswear","8":"pa_brand-type-sportswear","9":"pa_filter-color-blau","10":"pa_filter-color-schwarz","12":"first","13":"instock","14":"sale","15":"taxable","16":"shipping-taxable","17":"purchasable","18":"product-type-variable","19":"add-to-wishlist-before_image"},"exclude_global_add_ons":[],"addons":[],"acf":[],"_links":{"self":[{"href":"https:\/\/shop.kustom.ch\/it\/wp-json\/wp\/v2\/product\/107018"}],"collection":[{"href":"https:\/\/shop.kustom.ch\/it\/wp-json\/wp\/v2\/product"}],"about":[{"href":"https:\/\/shop.kustom.ch\/it\/wp-json\/wp\/v2\/types\/product"}],"wp:featuredmedia":[{"embeddable":true,"href":"https:\/\/shop.kustom.ch\/it\/wp-json\/wp\/v2\/media\/107017"}],"wp:attachment":[{"href":"https:\/\/shop.kustom.ch\/it\/wp-json\/wp\/v2\/media?parent=107018"}],"wp:term":[{"taxonomy":"product_brand","embeddable":true,"href":"https:\/\/shop.kustom.ch\/it\/wp-json\/wp\/v2\/product_brand?post=107018"},{"taxonomy":"product_cat","embeddable":true,"href":"https:\/\/shop.kustom.ch\/it\/wp-json\/wp\/v2\/product_cat?post=107018"},{"taxonomy":"product_tag","embeddable":true,"href":"https:\/\/shop.kustom.ch\/it\/wp-json\/wp\/v2\/product_tag?post=107018"}],"curies":[{"name":"wp","href":"https:\/\/api.w.org\/{rel}","templated":true}]}}