{"id":106659,"date":"2024-03-20T18:17:14","date_gmt":"2024-03-20T17:17:14","guid":{"rendered":"https:\/\/kustomshop.kinsta.cloud\/produkt\/core-essence-padded-glove\/"},"modified":"2026-03-27T14:13:27","modified_gmt":"2026-03-27T13:13:27","slug":"core-essence-padded-glove","status":"publish","type":"product","link":"https:\/\/shop.kustom.ch\/it\/prodotto\/core-essence-padded-glove\/","title":{"rendered":"Guanto imbottito Core Essence"},"content":{"rendered":"<p>Caldi guanti da allenamento in jersey termico riciclato spazzolato con imbottitura idrorepellente sulla parte esterna della mano e delle dita. Una scelta eccellente per tutte le attivit\u00e0 in condizioni di freddo.<br \/>\n- Vestibilit\u00e0 comoda<br \/>\n- Due tasche anteriori<br \/>\n- Logo Craft gommato sulla parte destra del petto<br \/>\n- Logo gommato a sei punte al centro della schiena<\/p>\n<p>Materiale: Esterno: 100% poliestere Palmo: 82% poliammide 18% elastan Fodera: 100% poliestere Imbottitura esterna: 100% poliestere<\/p>","protected":false},"excerpt":{"rendered":"<p>Warme Trainingshandschuhe aus angerautem Recycling-Thermo-Jersey mit wasserabweisender Polsterung an der Hand- und Fingeraussenseite. Eine ausgezeichnete Wahl f\u00fcr alle Aktivit\u00e4ten in k\u00fchlen Bedingungen. \u2022 Bequeme Passform \u2022 Zwei Taschen vorne \u2022 Gummiertes Craft-Logo im rechten Brustbereich \u2022 Gummiertes Sechs-Punkte-Logo in der R\u00fcckenmitte Material: Aussenseite: 100% Polyester Handfl\u00e4che: 82% Polyamid 18% Elastan Futter: 100% Polyester Aussenpolsterung: 100% [&hellip;]<\/p>\n","protected":false},"featured_media":106658,"template":"","meta":[],"product_brand":[],"product_cat":[4180],"product_tag":[],"class_list":{"0":"post-106659","1":"product","2":"type-product","3":"status-publish","4":"has-post-thumbnail","6":"product_cat-handschuhe","7":"pa_brand-craft-retail-sportswear","8":"pa_brand-type-sportswear","9":"pa_filter-color-schwarz","11":"first","12":"outofstock","13":"sale","14":"taxable","15":"shipping-taxable","16":"purchasable","17":"product-type-variable","18":"add-to-wishlist-before_image"},"exclude_global_add_ons":[],"addons":[],"acf":[],"_links":{"self":[{"href":"https:\/\/shop.kustom.ch\/it\/wp-json\/wp\/v2\/product\/106659"}],"collection":[{"href":"https:\/\/shop.kustom.ch\/it\/wp-json\/wp\/v2\/product"}],"about":[{"href":"https:\/\/shop.kustom.ch\/it\/wp-json\/wp\/v2\/types\/product"}],"wp:featuredmedia":[{"embeddable":true,"href":"https:\/\/shop.kustom.ch\/it\/wp-json\/wp\/v2\/media\/106658"}],"wp:attachment":[{"href":"https:\/\/shop.kustom.ch\/it\/wp-json\/wp\/v2\/media?parent=106659"}],"wp:term":[{"taxonomy":"product_brand","embeddable":true,"href":"https:\/\/shop.kustom.ch\/it\/wp-json\/wp\/v2\/product_brand?post=106659"},{"taxonomy":"product_cat","embeddable":true,"href":"https:\/\/shop.kustom.ch\/it\/wp-json\/wp\/v2\/product_cat?post=106659"},{"taxonomy":"product_tag","embeddable":true,"href":"https:\/\/shop.kustom.ch\/it\/wp-json\/wp\/v2\/product_tag?post=106659"}],"curies":[{"name":"wp","href":"https:\/\/api.w.org\/{rel}","templated":true}]}}