{"id":106386,"date":"2024-03-20T18:15:05","date_gmt":"2024-03-20T17:15:05","guid":{"rendered":"https:\/\/kustomshop.kinsta.cloud\/produkt\/core-nordic-training-insulate-skirt-w\/"},"modified":"2026-03-27T13:48:23","modified_gmt":"2026-03-27T12:48:23","slug":"core-nordic-training-insulate-skirt-w","status":"publish","type":"product","link":"https:\/\/shop.kustom.ch\/it\/prodotto\/core-nordic-training-insulate-skirt-w\/","title":{"rendered":"Gonna Core Nordic Training Insulate W"},"content":{"rendered":"<p>Gonna da fondo calda e isolata per le giornate pi\u00f9 fredde. La gonna \u00e8 trapuntata e imbottita e presenta un materiale morbido e spazzolato all'interno. La vita \u00e8 leggermente pi\u00f9 alta e pu\u00f2 essere aperta con una zip.<br \/>\n- Trapuntato e imbottito sul davanti e sul retro per garantire calore e comfort<br \/>\n- Imbottitura da 60 g\/m\u00b2<br \/>\n- Tasca applicata con zip nascosta sul davanti<br \/>\n- Zip a due vie sulla cucitura laterale per facilitare la vestizione e la svestizione<br \/>\n- Morbido jersey spazzolato in vita<br \/>\n- Vita pi\u00f9 ampia per una migliore vestibilit\u00e0<br \/>\n- Morbido jersey spazzolato sui fianchi per una maggiore libert\u00e0 di movimento.<\/p>\n<p>Materiale: Corpo e fodera: poliestere 45% - poliestere riciclato 55% Imbottitura: poliestere 100%<\/p>","protected":false},"excerpt":{"rendered":"<p><span><\/span><\/p>","protected":false},"featured_media":106385,"template":"","meta":[],"product_brand":[],"product_cat":[4194],"product_tag":[],"class_list":{"0":"post-106386","1":"product","2":"type-product","3":"status-publish","4":"has-post-thumbnail","6":"product_cat-roecke","7":"pa_brand-craft-retail-sportswear","8":"pa_brand-type-sportswear","9":"pa_filter-color-schwarz","11":"first","12":"outofstock","13":"sale","14":"taxable","15":"shipping-taxable","16":"purchasable","17":"product-type-variable","18":"add-to-wishlist-before_image"},"exclude_global_add_ons":[],"addons":[],"acf":[],"_links":{"self":[{"href":"https:\/\/shop.kustom.ch\/it\/wp-json\/wp\/v2\/product\/106386"}],"collection":[{"href":"https:\/\/shop.kustom.ch\/it\/wp-json\/wp\/v2\/product"}],"about":[{"href":"https:\/\/shop.kustom.ch\/it\/wp-json\/wp\/v2\/types\/product"}],"wp:featuredmedia":[{"embeddable":true,"href":"https:\/\/shop.kustom.ch\/it\/wp-json\/wp\/v2\/media\/106385"}],"wp:attachment":[{"href":"https:\/\/shop.kustom.ch\/it\/wp-json\/wp\/v2\/media?parent=106386"}],"wp:term":[{"taxonomy":"product_brand","embeddable":true,"href":"https:\/\/shop.kustom.ch\/it\/wp-json\/wp\/v2\/product_brand?post=106386"},{"taxonomy":"product_cat","embeddable":true,"href":"https:\/\/shop.kustom.ch\/it\/wp-json\/wp\/v2\/product_cat?post=106386"},{"taxonomy":"product_tag","embeddable":true,"href":"https:\/\/shop.kustom.ch\/it\/wp-json\/wp\/v2\/product_tag?post=106386"}],"curies":[{"name":"wp","href":"https:\/\/api.w.org\/{rel}","templated":true}]}}