{"id":105809,"date":"2024-03-20T18:11:35","date_gmt":"2024-03-20T17:11:35","guid":{"rendered":"https:\/\/kustomshop.kinsta.cloud\/produkt\/pro-endur-distance-m\/"},"modified":"2026-03-27T16:05:52","modified_gmt":"2026-03-27T15:05:52","slug":"pro-endur-distance-m","status":"publish","type":"product","link":"https:\/\/shop.kustom.ch\/it\/prodotto\/pro-endur-distance-m\/","title":{"rendered":"PRO Endur Distanza M"},"content":{"rendered":"<p>La scarpa da corsa PRO Endur Distance stabilisce nuovi standard di reattivit\u00e0 per chi prende sul serio la corsa. Realizzata interamente in Px Foam\u2122, l'intersuola offre un'altezza ottimale per una partenza potente e un'ammortizzazione leggera come una piuma per un comportamento di corsa efficiente. Ogni contorno di questa piattaforma \u00e8 ben studiato per fornire la massima energia a diverse velocit\u00e0. La tomaia monopezzo in mesh high-tech si adatta al piede e offre comfort e sostegno a ogni passo. Questa scarpa \u00e8 caratterizzata da prestazioni dinamiche e da un design elegante.<\/p>\n<p>- Scarpa con tomaia in mesh in un unico pezzo<br \/>\n- Intersuola in Px Foam\u2122 per un maggiore comfort e rimbalzo<br \/>\n- Intersuola in schiuma leggera e sagomata per il massimo comfort<br \/>\n- Inserti in gomma leggera sulla suola per garantire trazione e stabilit\u00e0.<br \/>\n- Vestibilit\u00e0 normale<br \/>\n- Peso per la taglia 8 (UK) 235 g<br \/>\n- Altezza sotto il tallone: 36 mm<br \/>\n- Caduta: 9 mm<\/p>\n<p>Materiale: 100% poliestere jacquard+TPU no-sew. Intersuola: schiuma EVA 100%. Suola: gomma 100%<\/p>","protected":false},"excerpt":{"rendered":"<p>Der Laufschuh PRO Endur Distance setzt neue Massst\u00e4be in Sachen Reaktionsf\u00e4higkeit f\u00fcr alle, die das Laufen ernst nehmen. Die vollst\u00e4ndig aus Px Foam\u2122 hergestellte Mittelsohle bietet eine optimale Bauh\u00f6he f\u00fcr einen kraftvollen Zehenabstoss und eine federleichte D\u00e4mpfung f\u00fcr ein effizientes Laufverhalten. Jede Kontur dieser Plattform ist gut durchdacht, um bei unterschiedlichen Geschwindigkeiten maximale Energie zu [&hellip;]<\/p>\n","protected":false},"featured_media":706487,"template":"","meta":[],"product_brand":[],"product_cat":[4197],"product_tag":[],"class_list":{"0":"post-105809","1":"product","2":"type-product","3":"status-publish","4":"has-post-thumbnail","6":"product_cat-schuhe-sandalen","7":"pa_brand-craft","8":"pa_brand-type-sportswear","9":"pa_filter-color-schwarz","10":"pa_filter-color-weiss","12":"first","13":"instock","14":"sale","15":"taxable","16":"shipping-taxable","17":"purchasable","18":"product-type-variable","19":"add-to-wishlist-before_image"},"exclude_global_add_ons":[],"addons":[],"acf":[],"_links":{"self":[{"href":"https:\/\/shop.kustom.ch\/it\/wp-json\/wp\/v2\/product\/105809"}],"collection":[{"href":"https:\/\/shop.kustom.ch\/it\/wp-json\/wp\/v2\/product"}],"about":[{"href":"https:\/\/shop.kustom.ch\/it\/wp-json\/wp\/v2\/types\/product"}],"wp:featuredmedia":[{"embeddable":true,"href":"https:\/\/shop.kustom.ch\/it\/wp-json\/wp\/v2\/media\/706487"}],"wp:attachment":[{"href":"https:\/\/shop.kustom.ch\/it\/wp-json\/wp\/v2\/media?parent=105809"}],"wp:term":[{"taxonomy":"product_brand","embeddable":true,"href":"https:\/\/shop.kustom.ch\/it\/wp-json\/wp\/v2\/product_brand?post=105809"},{"taxonomy":"product_cat","embeddable":true,"href":"https:\/\/shop.kustom.ch\/it\/wp-json\/wp\/v2\/product_cat?post=105809"},{"taxonomy":"product_tag","embeddable":true,"href":"https:\/\/shop.kustom.ch\/it\/wp-json\/wp\/v2\/product_tag?post=105809"}],"curies":[{"name":"wp","href":"https:\/\/api.w.org\/{rel}","templated":true}]}}