{"id":105122,"date":"2024-03-20T18:07:31","date_gmt":"2024-03-20T17:07:31","guid":{"rendered":"https:\/\/kustomshop.kinsta.cloud\/produkt\/progress-compression-sleeve\/"},"modified":"2026-03-27T14:25:00","modified_gmt":"2026-03-27T13:25:00","slug":"progress-compression-sleeve","status":"publish","type":"product","link":"https:\/\/shop.kustom.ch\/it\/prodotto\/progress-compression-sleeve\/","title":{"rendered":"Manicotto a compressione Progress"},"content":{"rendered":"<p>Progress Compression Sleeve \u00e8 una guaina da braccio aderente, ideale per sport come basket, floorball, atletica e attivit\u00e0 simili. Il rivestimento in silicone su entrambe le estremit\u00e0 interne garantisce una vestibilit\u00e0 sicura.<\/p>\n<p>Materiale: 91% poliammide 9% elastan<\/p>","protected":false},"excerpt":{"rendered":"<p><span><\/span><\/p>","protected":false},"featured_media":105121,"template":"","meta":[],"product_brand":[],"product_cat":[9643,4209],"product_tag":[],"class_list":{"0":"post-105122","1":"product","2":"type-product","3":"status-publish","4":"has-post-thumbnail","6":"product_cat-equipment","7":"product_cat-zubehoer","8":"pa_brand-craft-teamwear","9":"pa_brand-type-sportswear","10":"pa_filter-color-schwarz","11":"pa_filter-color-weiss","13":"first","14":"instock","15":"sale","16":"taxable","17":"shipping-taxable","18":"purchasable","19":"product-type-variable","20":"add-to-wishlist-before_image"},"exclude_global_add_ons":[],"addons":[],"acf":[],"_links":{"self":[{"href":"https:\/\/shop.kustom.ch\/it\/wp-json\/wp\/v2\/product\/105122"}],"collection":[{"href":"https:\/\/shop.kustom.ch\/it\/wp-json\/wp\/v2\/product"}],"about":[{"href":"https:\/\/shop.kustom.ch\/it\/wp-json\/wp\/v2\/types\/product"}],"wp:featuredmedia":[{"embeddable":true,"href":"https:\/\/shop.kustom.ch\/it\/wp-json\/wp\/v2\/media\/105121"}],"wp:attachment":[{"href":"https:\/\/shop.kustom.ch\/it\/wp-json\/wp\/v2\/media?parent=105122"}],"wp:term":[{"taxonomy":"product_brand","embeddable":true,"href":"https:\/\/shop.kustom.ch\/it\/wp-json\/wp\/v2\/product_brand?post=105122"},{"taxonomy":"product_cat","embeddable":true,"href":"https:\/\/shop.kustom.ch\/it\/wp-json\/wp\/v2\/product_cat?post=105122"},{"taxonomy":"product_tag","embeddable":true,"href":"https:\/\/shop.kustom.ch\/it\/wp-json\/wp\/v2\/product_tag?post=105122"}],"curies":[{"name":"wp","href":"https:\/\/api.w.org\/{rel}","templated":true}]}}