{"id":104311,"date":"2024-03-20T18:01:40","date_gmt":"2024-03-20T17:01:40","guid":{"rendered":"https:\/\/kustomshop.kinsta.cloud\/produkt\/progress-reversible-basket-shorts-jr\/"},"modified":"2026-03-27T15:08:36","modified_gmt":"2026-03-27T14:08:36","slug":"progress-reversible-basket-shorts-jr","status":"publish","type":"product","link":"https:\/\/shop.kustom.ch\/it\/prodotto\/progress-reversible-basket-shorts-jr\/","title":{"rendered":"Pantaloncini da basket reversibili Progress Jr"},"content":{"rendered":"<p>I pantaloncini da basket reversibili Progress sono moderni pantaloncini da basket che possono essere indossati su entrambi i lati per cambiare colore. Realizzati in materiale riciclato monostrato con due lati, i pantaloncini offrono un design reversibile fine, leggero e altamente funzionale. Sono inoltre morbidi al tatto e hanno una vestibilit\u00e0 ampia per offrire un elevato livello di comfort e una libert\u00e0 di movimento illimitata. L'elastico in vita con coulisse assicura una vestibilit\u00e0 perfetta - Design reversibile in poliestere riciclato monostrato - Materiale morbido ed elasticizzato per una maggiore traspirabilit\u00e0 - Vestibilit\u00e0 ampia - Vita elasticizzata con coulisse<\/p>\n<p>Materiale: poliestere 100% - riciclato<\/p>","protected":false},"excerpt":{"rendered":"<p><span><\/span><\/p>","protected":false},"featured_media":104310,"template":"","meta":[],"product_brand":[],"product_cat":[4198],"product_tag":[],"class_list":{"0":"post-104311","1":"product","2":"type-product","3":"status-publish","4":"has-post-thumbnail","6":"product_cat-shorts","7":"pa_brand-craft-teamwear","8":"pa_brand-type-sportswear","9":"pa_filter-color-blau","10":"pa_filter-color-gruen","11":"pa_filter-color-rot","12":"pa_filter-color-schwarz","13":"pa_filter-color-weiss","15":"first","16":"instock","17":"sale","18":"taxable","19":"shipping-taxable","20":"purchasable","21":"product-type-variable","22":"add-to-wishlist-before_image"},"exclude_global_add_ons":[],"addons":[],"acf":[],"_links":{"self":[{"href":"https:\/\/shop.kustom.ch\/it\/wp-json\/wp\/v2\/product\/104311"}],"collection":[{"href":"https:\/\/shop.kustom.ch\/it\/wp-json\/wp\/v2\/product"}],"about":[{"href":"https:\/\/shop.kustom.ch\/it\/wp-json\/wp\/v2\/types\/product"}],"wp:featuredmedia":[{"embeddable":true,"href":"https:\/\/shop.kustom.ch\/it\/wp-json\/wp\/v2\/media\/104310"}],"wp:attachment":[{"href":"https:\/\/shop.kustom.ch\/it\/wp-json\/wp\/v2\/media?parent=104311"}],"wp:term":[{"taxonomy":"product_brand","embeddable":true,"href":"https:\/\/shop.kustom.ch\/it\/wp-json\/wp\/v2\/product_brand?post=104311"},{"taxonomy":"product_cat","embeddable":true,"href":"https:\/\/shop.kustom.ch\/it\/wp-json\/wp\/v2\/product_cat?post=104311"},{"taxonomy":"product_tag","embeddable":true,"href":"https:\/\/shop.kustom.ch\/it\/wp-json\/wp\/v2\/product_tag?post=104311"}],"curies":[{"name":"wp","href":"https:\/\/api.w.org\/{rel}","templated":true}]}}