{"id":104111,"date":"2024-03-20T18:00:41","date_gmt":"2024-03-20T17:00:41","guid":{"rendered":"https:\/\/kustomshop.kinsta.cloud\/produkt\/progress-basket-shorts-m\/"},"modified":"2026-03-27T15:03:29","modified_gmt":"2026-03-27T14:03:29","slug":"progress-basket-shorts-m","status":"publish","type":"product","link":"https:\/\/shop.kustom.ch\/it\/prodotto\/progress-basket-shorts-m\/","title":{"rendered":"Pantaloncini Progress Basket M"},"content":{"rendered":"<p>I pantaloncini Progress Basket sono pantaloncini da basket da competizione leggeri e altamente funzionali. Realizzati in poliestere riciclato, questi pantaloncini offrono una maggiore traspirabilit\u00e0 e un elevato trasporto dell'umidit\u00e0 per prestazioni ottimali. Sono inoltre morbidi al tatto e hanno una vestibilit\u00e0 ampia per offrire un elevato comfort e una libert\u00e0 di movimento illimitata. L'elastico in vita con cordoncino assicura una vestibilit\u00e0 perfetta-Poliestere riciclato-Materiale morbido ed elasticizzato per una maggiore traspirabilit\u00e0-Vestibilit\u00e0 ampia-Elastico in vita con cordoncino<\/p>\n<p>Materiale: poliestere 100% - riciclato<\/p>","protected":false},"excerpt":{"rendered":"<p><span><\/span><\/p>","protected":false},"featured_media":104110,"template":"","meta":[],"product_brand":[],"product_cat":[4198],"product_tag":[],"class_list":{"0":"post-104111","1":"product","2":"type-product","3":"status-publish","4":"has-post-thumbnail","6":"product_cat-shorts","7":"pa_brand-craft-teamwear","8":"pa_brand-type-sportswear","9":"pa_filter-color-blau","10":"pa_filter-color-gruen","11":"pa_filter-color-rot","12":"pa_filter-color-schwarz","13":"pa_filter-color-weiss","15":"first","16":"instock","17":"sale","18":"taxable","19":"shipping-taxable","20":"purchasable","21":"product-type-variable","22":"add-to-wishlist-before_image"},"exclude_global_add_ons":[],"addons":[],"acf":[],"_links":{"self":[{"href":"https:\/\/shop.kustom.ch\/it\/wp-json\/wp\/v2\/product\/104111"}],"collection":[{"href":"https:\/\/shop.kustom.ch\/it\/wp-json\/wp\/v2\/product"}],"about":[{"href":"https:\/\/shop.kustom.ch\/it\/wp-json\/wp\/v2\/types\/product"}],"wp:featuredmedia":[{"embeddable":true,"href":"https:\/\/shop.kustom.ch\/it\/wp-json\/wp\/v2\/media\/104110"}],"wp:attachment":[{"href":"https:\/\/shop.kustom.ch\/it\/wp-json\/wp\/v2\/media?parent=104111"}],"wp:term":[{"taxonomy":"product_brand","embeddable":true,"href":"https:\/\/shop.kustom.ch\/it\/wp-json\/wp\/v2\/product_brand?post=104111"},{"taxonomy":"product_cat","embeddable":true,"href":"https:\/\/shop.kustom.ch\/it\/wp-json\/wp\/v2\/product_cat?post=104111"},{"taxonomy":"product_tag","embeddable":true,"href":"https:\/\/shop.kustom.ch\/it\/wp-json\/wp\/v2\/product_tag?post=104111"}],"curies":[{"name":"wp","href":"https:\/\/api.w.org\/{rel}","templated":true}]}}