{"id":104085,"date":"2024-03-20T18:00:32","date_gmt":"2024-03-20T17:00:32","guid":{"rendered":"https:\/\/kustomshop.kinsta.cloud\/produkt\/progress-reversible-basket-singlet-jr\/"},"modified":"2026-03-27T15:35:10","modified_gmt":"2026-03-27T14:35:10","slug":"progress-reversible-basket-singlet-jr","status":"publish","type":"product","link":"https:\/\/shop.kustom.ch\/it\/prodotto\/progress-reversible-basket-singlet-jr\/","title":{"rendered":"Canotta reversibile Progress Jr"},"content":{"rendered":"<p>Progress Reversible Basket Singlet \u00e8 una moderna canotta da basket che pu\u00f2 essere indossata su entrambi i lati per cambiare colore. Realizzata in materiale riciclato monostrato con due lati, la canotta offre un design reversibile fine, leggero e altamente funzionale. \u00c8 inoltre morbida al tatto e ha una vestibilit\u00e0 ampia per offrire un elevato comfort e una libert\u00e0 di movimento illimitata-Poliestere riciclato-Design reversibile a singolo strato-Materiale morbido ed elasticizzato per una maggiore traspirabilit\u00e0-Vestibilit\u00e0 ampia-Apertura delle maniche<\/p>\n<p>Materiale: poliestere 100% - riciclato<\/p>","protected":false},"excerpt":{"rendered":"<p><span><\/span><\/p>","protected":false},"featured_media":104084,"template":"","meta":[],"product_brand":[],"product_cat":[4202],"product_tag":[],"class_list":{"0":"post-104085","1":"product","2":"type-product","3":"status-publish","4":"has-post-thumbnail","6":"product_cat-tank-tops","7":"pa_brand-craft-teamwear","8":"pa_brand-type-sportswear","9":"pa_filter-color-blau","10":"pa_filter-color-gruen","11":"pa_filter-color-rot","12":"pa_filter-color-schwarz","13":"pa_filter-color-weiss","15":"first","16":"instock","17":"sale","18":"taxable","19":"shipping-taxable","20":"purchasable","21":"product-type-variable","22":"add-to-wishlist-before_image"},"exclude_global_add_ons":[],"addons":[],"acf":[],"_links":{"self":[{"href":"https:\/\/shop.kustom.ch\/it\/wp-json\/wp\/v2\/product\/104085"}],"collection":[{"href":"https:\/\/shop.kustom.ch\/it\/wp-json\/wp\/v2\/product"}],"about":[{"href":"https:\/\/shop.kustom.ch\/it\/wp-json\/wp\/v2\/types\/product"}],"wp:featuredmedia":[{"embeddable":true,"href":"https:\/\/shop.kustom.ch\/it\/wp-json\/wp\/v2\/media\/104084"}],"wp:attachment":[{"href":"https:\/\/shop.kustom.ch\/it\/wp-json\/wp\/v2\/media?parent=104085"}],"wp:term":[{"taxonomy":"product_brand","embeddable":true,"href":"https:\/\/shop.kustom.ch\/it\/wp-json\/wp\/v2\/product_brand?post=104085"},{"taxonomy":"product_cat","embeddable":true,"href":"https:\/\/shop.kustom.ch\/it\/wp-json\/wp\/v2\/product_cat?post=104085"},{"taxonomy":"product_tag","embeddable":true,"href":"https:\/\/shop.kustom.ch\/it\/wp-json\/wp\/v2\/product_tag?post=104085"}],"curies":[{"name":"wp","href":"https:\/\/api.w.org\/{rel}","templated":true}]}}