{"id":103782,"date":"2024-03-20T17:59:07","date_gmt":"2024-03-20T16:59:07","guid":{"rendered":"https:\/\/kustomshop.kinsta.cloud\/produkt\/progress-basket-singlet-m\/"},"modified":"2026-03-27T15:32:35","modified_gmt":"2026-03-27T14:32:35","slug":"progress-basket-singlet-m","status":"publish","type":"product","link":"https:\/\/shop.kustom.ch\/it\/prodotto\/progress-basket-singlet-m\/","title":{"rendered":"Canotta Progress Basket M"},"content":{"rendered":"<p>Progress Basket Singlet \u00e8 una classica maglia da basket da competizione caratterizzata da una funzionalit\u00e0 all'avanguardia. Realizzata in leggero poliestere riciclato, la canotta offre una maggiore traspirabilit\u00e0 e un'elevata traspirazione per prestazioni ottimali. Ha inoltre una sensazione di morbidezza e una vestibilit\u00e0 ampia per offrire un elevato comfort e una libert\u00e0 di movimento illimitata Poliestere riciclato-Tessuto morbido ed elasticizzato per una maggiore traspirabilit\u00e0-Vestibilit\u00e0 ampia-Apertura delle maniche-Scollatura a V<\/p>\n<p>Materiale: poliestere 100% - riciclato<\/p>","protected":false},"excerpt":{"rendered":"<p><span><\/span><\/p>","protected":false},"featured_media":103781,"template":"","meta":[],"product_brand":[],"product_cat":[4202],"product_tag":[],"class_list":{"0":"post-103782","1":"product","2":"type-product","3":"status-publish","4":"has-post-thumbnail","6":"product_cat-tank-tops","7":"pa_brand-craft-teamwear","8":"pa_brand-type-sportswear","9":"pa_filter-color-blau","10":"pa_filter-color-gruen","11":"pa_filter-color-rot","12":"pa_filter-color-schwarz","13":"pa_filter-color-weiss","15":"first","16":"instock","17":"sale","18":"taxable","19":"shipping-taxable","20":"purchasable","21":"product-type-variable","22":"add-to-wishlist-before_image"},"exclude_global_add_ons":[],"addons":[],"acf":[],"_links":{"self":[{"href":"https:\/\/shop.kustom.ch\/it\/wp-json\/wp\/v2\/product\/103782"}],"collection":[{"href":"https:\/\/shop.kustom.ch\/it\/wp-json\/wp\/v2\/product"}],"about":[{"href":"https:\/\/shop.kustom.ch\/it\/wp-json\/wp\/v2\/types\/product"}],"wp:featuredmedia":[{"embeddable":true,"href":"https:\/\/shop.kustom.ch\/it\/wp-json\/wp\/v2\/media\/103781"}],"wp:attachment":[{"href":"https:\/\/shop.kustom.ch\/it\/wp-json\/wp\/v2\/media?parent=103782"}],"wp:term":[{"taxonomy":"product_brand","embeddable":true,"href":"https:\/\/shop.kustom.ch\/it\/wp-json\/wp\/v2\/product_brand?post=103782"},{"taxonomy":"product_cat","embeddable":true,"href":"https:\/\/shop.kustom.ch\/it\/wp-json\/wp\/v2\/product_cat?post=103782"},{"taxonomy":"product_tag","embeddable":true,"href":"https:\/\/shop.kustom.ch\/it\/wp-json\/wp\/v2\/product_tag?post=103782"}],"curies":[{"name":"wp","href":"https:\/\/api.w.org\/{rel}","templated":true}]}}