{"id":103644,"date":"2024-03-20T17:58:24","date_gmt":"2024-03-20T16:58:24","guid":{"rendered":"https:\/\/kustomshop.kinsta.cloud\/produkt\/adv-explore-hybrid-jacket-w\/"},"modified":"2026-04-08T21:43:10","modified_gmt":"2026-04-08T20:43:10","slug":"adv-explore-hybrid-jacket-w","status":"publish","type":"product","link":"https:\/\/shop.kustom.ch\/it\/prodotto\/adv-explore-hybrid-jacket-w\/","title":{"rendered":"Giacca ADV Explore Hybrid W"},"content":{"rendered":"<p>Giacca leggera e imbottita con inserti in jersey elasticizzato per una migliore libert\u00e0 di movimento e ventilazione. Perfetta come giacca esterna alle temperature pi\u00f9 miti o come strato intermedio sotto una giacca in condizioni pi\u00f9 fredde. <\/p>\n<p>- Imbottitura leggera<br \/>\n- Cappuccio regolabile<br \/>\n- Inserti in jersey elasticizzato per una maggiore libert\u00e0 di movimento<br \/>\n- Come giacca a temperature miti<br \/>\n- Come strato intermedio nelle condizioni pi\u00f9 fredde<br \/>\n- Due tasche laterali con zip<br \/>\n- Una tasca interna aperta<\/p>\n<p>Materiale: corpo: 100% poliestere, inserti laterali: 92% poliestere riciclato 8% elastan, fodera: 95% poliestere 5% elastan<\/p>","protected":false},"excerpt":{"rendered":"<p><span><\/span><\/p>","protected":false},"featured_media":103643,"template":"","meta":[],"product_brand":[],"product_cat":[4186],"product_tag":[],"class_list":{"0":"post-103644","1":"product","2":"type-product","3":"status-publish","4":"has-post-thumbnail","6":"product_cat-jacken","7":"pa_brand-craft-retail-sportswear","8":"pa_brand-type-sportswear","9":"pa_filter-color-blau","10":"pa_filter-color-grau","11":"pa_filter-color-gruen","12":"pa_filter-color-schwarz","14":"first","15":"instock","16":"sale","17":"taxable","18":"shipping-taxable","19":"purchasable","20":"product-type-variable","21":"add-to-wishlist-before_image"},"exclude_global_add_ons":[],"addons":[],"acf":[],"_links":{"self":[{"href":"https:\/\/shop.kustom.ch\/it\/wp-json\/wp\/v2\/product\/103644"}],"collection":[{"href":"https:\/\/shop.kustom.ch\/it\/wp-json\/wp\/v2\/product"}],"about":[{"href":"https:\/\/shop.kustom.ch\/it\/wp-json\/wp\/v2\/types\/product"}],"wp:featuredmedia":[{"embeddable":true,"href":"https:\/\/shop.kustom.ch\/it\/wp-json\/wp\/v2\/media\/103643"}],"wp:attachment":[{"href":"https:\/\/shop.kustom.ch\/it\/wp-json\/wp\/v2\/media?parent=103644"}],"wp:term":[{"taxonomy":"product_brand","embeddable":true,"href":"https:\/\/shop.kustom.ch\/it\/wp-json\/wp\/v2\/product_brand?post=103644"},{"taxonomy":"product_cat","embeddable":true,"href":"https:\/\/shop.kustom.ch\/it\/wp-json\/wp\/v2\/product_cat?post=103644"},{"taxonomy":"product_tag","embeddable":true,"href":"https:\/\/shop.kustom.ch\/it\/wp-json\/wp\/v2\/product_tag?post=103644"}],"curies":[{"name":"wp","href":"https:\/\/api.w.org\/{rel}","templated":true}]}}