{"id":103446,"date":"2024-03-20T17:56:48","date_gmt":"2024-03-20T16:56:48","guid":{"rendered":"https:\/\/kustomshop.kinsta.cloud\/produkt\/progress-anti-slip-mid-sock\/"},"modified":"2026-03-27T13:49:30","modified_gmt":"2026-03-27T12:49:30","slug":"progress-anti-slip-mid-sock","status":"publish","type":"product","link":"https:\/\/shop.kustom.ch\/it\/prodotto\/progress-anti-slip-mid-sock\/","title":{"rendered":"Progress Antiscivolo Mid Sock"},"content":{"rendered":"<p>I Progress Antislip Mid Socks sono calzini leggeri e resistenti con un bordo in silicone sulla suola per una presa sicura. Questi calzini funzionali sono realizzati in un tessuto sottile che offre un'eccellente ventilazione e un trasporto ottimale dell'umidit\u00e0 per mantenere i piedi freschi e asciutti durante le attivit\u00e0 ad alta intensit\u00e0.<\/p>\n<p>- Materiale leggero e resistente<br \/>\n- Struttura sottile per una ventilazione efficiente<br \/>\n- Stampa in silicone sotto il piede per un effetto antiscivolo<\/p>\n<p>Materiale: Tessuto 1: 99% Poliammide 1% Lycra<\/p>","protected":false},"excerpt":{"rendered":"<p><span><\/span><\/p>","protected":false},"featured_media":103445,"template":"","meta":[],"product_brand":[],"product_cat":[4199],"product_tag":[],"class_list":{"0":"post-103446","1":"product","2":"type-product","3":"status-publish","4":"has-post-thumbnail","6":"product_cat-socken","7":"pa_brand-craft-teamwear","8":"pa_brand-type-sportswear","9":"pa_filter-color-blau","10":"pa_filter-color-grau","11":"pa_filter-color-gruen","12":"pa_filter-color-rot","13":"pa_filter-color-schwarz","14":"pa_filter-color-weiss","16":"first","17":"instock","18":"sale","19":"taxable","20":"shipping-taxable","21":"purchasable","22":"product-type-variable","23":"add-to-wishlist-before_image"},"exclude_global_add_ons":[],"addons":[],"acf":[],"_links":{"self":[{"href":"https:\/\/shop.kustom.ch\/it\/wp-json\/wp\/v2\/product\/103446"}],"collection":[{"href":"https:\/\/shop.kustom.ch\/it\/wp-json\/wp\/v2\/product"}],"about":[{"href":"https:\/\/shop.kustom.ch\/it\/wp-json\/wp\/v2\/types\/product"}],"wp:featuredmedia":[{"embeddable":true,"href":"https:\/\/shop.kustom.ch\/it\/wp-json\/wp\/v2\/media\/103445"}],"wp:attachment":[{"href":"https:\/\/shop.kustom.ch\/it\/wp-json\/wp\/v2\/media?parent=103446"}],"wp:term":[{"taxonomy":"product_brand","embeddable":true,"href":"https:\/\/shop.kustom.ch\/it\/wp-json\/wp\/v2\/product_brand?post=103446"},{"taxonomy":"product_cat","embeddable":true,"href":"https:\/\/shop.kustom.ch\/it\/wp-json\/wp\/v2\/product_cat?post=103446"},{"taxonomy":"product_tag","embeddable":true,"href":"https:\/\/shop.kustom.ch\/it\/wp-json\/wp\/v2\/product_tag?post=103446"}],"curies":[{"name":"wp","href":"https:\/\/api.w.org\/{rel}","templated":true}]}}