{"id":103382,"date":"2024-03-20T17:56:19","date_gmt":"2024-03-20T16:56:19","guid":{"rendered":"https:\/\/kustomshop.kinsta.cloud\/produkt\/evolve-referee-jersey-m\/"},"modified":"2026-03-27T15:31:24","modified_gmt":"2026-03-27T14:31:24","slug":"evolve-referee-jersey-m","status":"publish","type":"product","link":"https:\/\/shop.kustom.ch\/it\/prodotto\/evolve-referee-jersey-m\/","title":{"rendered":"Maglia da arbitro Evolve M"},"content":{"rendered":"<p>La maglia da arbitro Evolve \u00e8 una maglia da arbitro leggera che offre un'eccellente traspirazione durante le partite pi\u00f9 intense. La maglia \u00e8 realizzata con materiali riciclati per ridurre l'impatto ambientale e presenta inserti in rete sotto le ascelle per una maggiore ventilazione. Presenta inoltre maniche raglan per una libert\u00e0 di movimento ottimale e due tasche con chiusura a velcro sulla parte superiore del corpo. Colletto interno e polsini a coste.<\/p>\n<p>- Materiali elastici leggeri e funzionali<br \/>\n- Il filato tinto in massa riduce l'impatto ecologico<br \/>\n- Rete sotto le ascelle per una maggiore ventilazione<br \/>\n- Maniche raglan per una libert\u00e0 di movimento ottimale<br \/>\n- Colletto e polsini a coste<br \/>\n- Due tasche sul petto con chiusura a velcro<br \/>\n- +BQ4<\/p>\n<p>Materiale: 100% poliestere riciclato<\/p>","protected":false},"excerpt":{"rendered":"<p><span><\/span><\/p>","protected":false},"featured_media":103381,"template":"","meta":[],"product_brand":[],"product_cat":[4201],"product_tag":[],"class_list":{"0":"post-103382","1":"product","2":"type-product","3":"status-publish","4":"has-post-thumbnail","6":"product_cat-t-shirts","7":"pa_brand-craft-teamwear","8":"pa_brand-type-sportswear","9":"pa_filter-color-gelb","10":"pa_filter-color-grau","11":"pa_filter-color-schwarz","13":"first","14":"instock","15":"sale","16":"taxable","17":"shipping-taxable","18":"purchasable","19":"product-type-variable","20":"add-to-wishlist-before_image"},"exclude_global_add_ons":[],"addons":[],"acf":[],"_links":{"self":[{"href":"https:\/\/shop.kustom.ch\/it\/wp-json\/wp\/v2\/product\/103382"}],"collection":[{"href":"https:\/\/shop.kustom.ch\/it\/wp-json\/wp\/v2\/product"}],"about":[{"href":"https:\/\/shop.kustom.ch\/it\/wp-json\/wp\/v2\/types\/product"}],"wp:featuredmedia":[{"embeddable":true,"href":"https:\/\/shop.kustom.ch\/it\/wp-json\/wp\/v2\/media\/103381"}],"wp:attachment":[{"href":"https:\/\/shop.kustom.ch\/it\/wp-json\/wp\/v2\/media?parent=103382"}],"wp:term":[{"taxonomy":"product_brand","embeddable":true,"href":"https:\/\/shop.kustom.ch\/it\/wp-json\/wp\/v2\/product_brand?post=103382"},{"taxonomy":"product_cat","embeddable":true,"href":"https:\/\/shop.kustom.ch\/it\/wp-json\/wp\/v2\/product_cat?post=103382"},{"taxonomy":"product_tag","embeddable":true,"href":"https:\/\/shop.kustom.ch\/it\/wp-json\/wp\/v2\/product_tag?post=103382"}],"curies":[{"name":"wp","href":"https:\/\/api.w.org\/{rel}","templated":true}]}}