{"id":103334,"date":"2024-03-20T17:55:38","date_gmt":"2024-03-20T16:55:38","guid":{"rendered":"https:\/\/kustomshop.kinsta.cloud\/produkt\/squad-skirt-w\/"},"modified":"2026-03-27T14:51:45","modified_gmt":"2026-03-27T13:51:45","slug":"squad-skirt-w","status":"publish","type":"product","link":"https:\/\/shop.kustom.ch\/it\/prodotto\/squad-skirt-w\/","title":{"rendered":"Gonna di squadra W"},"content":{"rendered":"<p>Squad Skirt \u00e8 una gonna da allenamento funzionale e versatile, adatta alla maggior parte degli sport. Realizzata in materiale leggero e funzionale, la gonna offre un eccellente trasporto dell'umidit\u00e0 e un'efficiente gestione della temperatura corporea durante gli allenamenti intensivi. Inoltre, l'elevata elasticit\u00e0 garantisce un'ottima libert\u00e0 di movimento e l'ampia fascia in vita assicura un comfort ottimale. Con slip interno.<br \/>\n- Materiale elastico leggero e funzionale<br \/>\n-Slip interno funzionale<br \/>\n-Ampio girovita per un comfort ottimale<br \/>\n-+BQ4<\/p>\n<p>Materiale: Corpo: 100% Poliestere Fodera: 92% Poliestere 8% Elastam<\/p>","protected":false},"excerpt":{"rendered":"<p><span><\/span><\/p>","protected":false},"featured_media":103333,"template":"","meta":[],"product_brand":[],"product_cat":[4194],"product_tag":[],"class_list":{"0":"post-103334","1":"product","2":"type-product","3":"status-publish","4":"has-post-thumbnail","6":"product_cat-roecke","7":"pa_brand-craft-teamwear","8":"pa_brand-type-sportswear","9":"pa_filter-color-blau","10":"pa_filter-color-rot","11":"pa_filter-color-schwarz","12":"pa_filter-color-weiss","14":"first","15":"instock","16":"sale","17":"taxable","18":"shipping-taxable","19":"purchasable","20":"product-type-variable","21":"add-to-wishlist-before_image"},"exclude_global_add_ons":[],"addons":[],"acf":[],"_links":{"self":[{"href":"https:\/\/shop.kustom.ch\/it\/wp-json\/wp\/v2\/product\/103334"}],"collection":[{"href":"https:\/\/shop.kustom.ch\/it\/wp-json\/wp\/v2\/product"}],"about":[{"href":"https:\/\/shop.kustom.ch\/it\/wp-json\/wp\/v2\/types\/product"}],"wp:featuredmedia":[{"embeddable":true,"href":"https:\/\/shop.kustom.ch\/it\/wp-json\/wp\/v2\/media\/103333"}],"wp:attachment":[{"href":"https:\/\/shop.kustom.ch\/it\/wp-json\/wp\/v2\/media?parent=103334"}],"wp:term":[{"taxonomy":"product_brand","embeddable":true,"href":"https:\/\/shop.kustom.ch\/it\/wp-json\/wp\/v2\/product_brand?post=103334"},{"taxonomy":"product_cat","embeddable":true,"href":"https:\/\/shop.kustom.ch\/it\/wp-json\/wp\/v2\/product_cat?post=103334"},{"taxonomy":"product_tag","embeddable":true,"href":"https:\/\/shop.kustom.ch\/it\/wp-json\/wp\/v2\/product_tag?post=103334"}],"curies":[{"name":"wp","href":"https:\/\/api.w.org\/{rel}","templated":true}]}}