{"id":103200,"date":"2024-03-20T17:52:27","date_gmt":"2024-03-20T16:52:27","guid":{"rendered":"https:\/\/kustomshop.kinsta.cloud\/produkt\/adv-essence-5-stretch-shorts-w\/"},"modified":"2026-03-27T14:34:43","modified_gmt":"2026-03-27T13:34:43","slug":"adv-essence-5-stretch-shorts-w","status":"publish","type":"product","link":"https:\/\/shop.kustom.ch\/it\/prodotto\/adv-essence-5-stretch-shorts-w\/","title":{"rendered":"Pantaloncini ADV Essence 5\u2033 Stretch W"},"content":{"rendered":"<p>Pantaloncini da allenamento avanzati in tessuto elasticizzato per le attivit\u00e0 sportive pi\u00f9 intense. Vita elasticizzata, taglio pi\u00f9 alto sui fianchi, due tasche laterali e lunghezza interna della gamba di 12 cm per la taglia M.<\/p>\n<p>Materiale: Corpo; 90% Poliestere riciclato 10% Elastan Fodera; 100% Poliestere<\/p>","protected":false},"excerpt":{"rendered":"<p><span><\/span><\/p>","protected":false},"featured_media":103199,"template":"","meta":[],"product_brand":[],"product_cat":[4198],"product_tag":[],"class_list":{"0":"post-103200","1":"product","2":"type-product","3":"status-publish","4":"has-post-thumbnail","6":"product_cat-shorts","7":"pa_brand-craft-retail-sportswear","8":"pa_brand-type-sportswear","9":"pa_filter-color-schwarz","11":"first","12":"outofstock","13":"sale","14":"taxable","15":"shipping-taxable","16":"purchasable","17":"product-type-variable","18":"add-to-wishlist-before_image"},"exclude_global_add_ons":[],"addons":[],"acf":[],"_links":{"self":[{"href":"https:\/\/shop.kustom.ch\/it\/wp-json\/wp\/v2\/product\/103200"}],"collection":[{"href":"https:\/\/shop.kustom.ch\/it\/wp-json\/wp\/v2\/product"}],"about":[{"href":"https:\/\/shop.kustom.ch\/it\/wp-json\/wp\/v2\/types\/product"}],"wp:featuredmedia":[{"embeddable":true,"href":"https:\/\/shop.kustom.ch\/it\/wp-json\/wp\/v2\/media\/103199"}],"wp:attachment":[{"href":"https:\/\/shop.kustom.ch\/it\/wp-json\/wp\/v2\/media?parent=103200"}],"wp:term":[{"taxonomy":"product_brand","embeddable":true,"href":"https:\/\/shop.kustom.ch\/it\/wp-json\/wp\/v2\/product_brand?post=103200"},{"taxonomy":"product_cat","embeddable":true,"href":"https:\/\/shop.kustom.ch\/it\/wp-json\/wp\/v2\/product_cat?post=103200"},{"taxonomy":"product_tag","embeddable":true,"href":"https:\/\/shop.kustom.ch\/it\/wp-json\/wp\/v2\/product_tag?post=103200"}],"curies":[{"name":"wp","href":"https:\/\/api.w.org\/{rel}","templated":true}]}}