{"id":103175,"date":"2024-03-20T17:51:44","date_gmt":"2024-03-20T16:51:44","guid":{"rendered":"https:\/\/kustomshop.kinsta.cloud\/produkt\/core-blend-polo-shirt-m\/"},"modified":"2026-03-29T19:29:02","modified_gmt":"2026-03-29T18:29:02","slug":"core-blend-polo-shirt-m","status":"publish","type":"product","link":"https:\/\/shop.kustom.ch\/it\/prodotto\/core-blend-polo-shirt-m\/","title":{"rendered":"Polo CORE Blend M"},"content":{"rendered":"<p>Mettete in mostra il vostro marchio a piacimento con la polo Core Blend. Realizzata in un morbido misto cotone-poliestere, questa polo classica offre un eccellente comfort per tutto il giorno. Presenta un'abbottonatura a tre bottoni.<br \/>\n- Morbido misto cotone-poliestere<br \/>\n-Abbottonatura con tre bottoni<br \/>\n-Stampa del logo Craft sulla manica e del logo a sei punti sul retro.<br \/>\n-Adattamento normale<\/p>\n<p>Materiale: Tinta unita: 76% cotone, 19% poliestere, 5% elastan. Colori melange: cotone 57%, poliestere 38%, elastan 5%.<\/p>","protected":false},"excerpt":{"rendered":"<p>Inszenieren Sie Ihre Marke nach Lust und Laune mit dem Core Blend Polo Shirt. Dieses klassische Poloshirt aus weichem Baumwoll-Polyestergemisch bietet einen hervorragenden ganzt\u00e4gigen Tragekomfort. Es verf\u00fcgt \u00fcber eine Knopfleiste mit drei Kn\u00f6pfen. \u2022 Weiches Baumwoll-Polyestergemisch \u2022Knopfleiste mit drei Kn\u00f6pfen \u2022Craft-Logo-Print am \u00c4rmel und Sechs-Punkte-Logo im R\u00fccken \u2022Normale Passform Material: Unifarben:76% Baumwolle,19% Polyester,5% Elasthan. Melange [&hellip;]<\/p>\n","protected":false},"featured_media":103174,"template":"","meta":[],"product_brand":[],"product_cat":[4193],"product_tag":[],"class_list":{"0":"post-103175","1":"product","2":"type-product","3":"status-publish","4":"has-post-thumbnail","6":"product_cat-polos","7":"pa_brand-craft-retail-sportswear","8":"pa_brand-type-sportswear","9":"pa_filter-color-blau","10":"pa_filter-color-grau","11":"pa_filter-color-schwarz","12":"pa_filter-color-weiss","14":"first","15":"instock","16":"sale","17":"taxable","18":"shipping-taxable","19":"purchasable","20":"product-type-variable","21":"add-to-wishlist-before_image"},"exclude_global_add_ons":[],"addons":[],"acf":[],"_links":{"self":[{"href":"https:\/\/shop.kustom.ch\/it\/wp-json\/wp\/v2\/product\/103175"}],"collection":[{"href":"https:\/\/shop.kustom.ch\/it\/wp-json\/wp\/v2\/product"}],"about":[{"href":"https:\/\/shop.kustom.ch\/it\/wp-json\/wp\/v2\/types\/product"}],"wp:featuredmedia":[{"embeddable":true,"href":"https:\/\/shop.kustom.ch\/it\/wp-json\/wp\/v2\/media\/103174"}],"wp:attachment":[{"href":"https:\/\/shop.kustom.ch\/it\/wp-json\/wp\/v2\/media?parent=103175"}],"wp:term":[{"taxonomy":"product_brand","embeddable":true,"href":"https:\/\/shop.kustom.ch\/it\/wp-json\/wp\/v2\/product_brand?post=103175"},{"taxonomy":"product_cat","embeddable":true,"href":"https:\/\/shop.kustom.ch\/it\/wp-json\/wp\/v2\/product_cat?post=103175"},{"taxonomy":"product_tag","embeddable":true,"href":"https:\/\/shop.kustom.ch\/it\/wp-json\/wp\/v2\/product_tag?post=103175"}],"curies":[{"name":"wp","href":"https:\/\/api.w.org\/{rel}","templated":true}]}}