{"id":101824,"date":"2024-03-20T17:24:02","date_gmt":"2024-03-20T16:24:02","guid":{"rendered":"https:\/\/kustomshop.kinsta.cloud\/produkt\/progress-2-0-solid-jersey-jr\/"},"modified":"2026-03-27T14:53:17","modified_gmt":"2026-03-27T13:53:17","slug":"progress-2-0-solid-jersey-jr","status":"publish","type":"product","link":"https:\/\/shop.kustom.ch\/it\/prodotto\/progress-2-0-solid-jersey-jr\/","title":{"rendered":"Maglia solida Progress 2.0 JR"},"content":{"rendered":"<p>La Progress 2.0 Solid Jersey \u00e8 una maglia da competizione avanzata, realizzata in materiale funzionale elasticizzato e con un maggiore trasporto dell'umidit\u00e0 per le massime prestazioni. Presenta un design classico monocolore, un colletto interno a coste e polsini delle maniche a coste. Inoltre, gli inserti in rete sotto le ascelle offrono un'efficiente gestione della temperatura corporea e l'elevata elasticit\u00e0 garantisce una vestibilit\u00e0 confortevole e un'ottima libert\u00e0 di movimento.-Design classico monocolore-Colletto e polsini delle maniche a contrasto-Materiale leggero e funzionale-Rete sotto le ascelle per una maggiore ventilazione-Colletto interno a coste e polsini delle maniche a coste-Poliestere riciclato per ridurre l'impronta ecologica<\/p>\n<p>Materiale: 100% poliestere riciclato<\/p>","protected":false},"excerpt":{"rendered":"<p><span><\/span><\/p>","protected":false},"featured_media":101823,"template":"","meta":[],"product_brand":[],"product_cat":[4201],"product_tag":[],"class_list":{"0":"post-101824","1":"product","2":"type-product","3":"status-publish","4":"has-post-thumbnail","6":"product_cat-t-shirts","7":"pa_brand-craft-teamwear","8":"pa_brand-type-sportswear","9":"pa_filter-color-blau","10":"pa_filter-color-gruen","11":"pa_filter-color-rot","12":"pa_filter-color-schwarz","13":"pa_filter-color-violet","14":"pa_filter-color-weiss","16":"first","17":"instock","18":"sale","19":"taxable","20":"shipping-taxable","21":"purchasable","22":"product-type-variable","23":"add-to-wishlist-before_image"},"exclude_global_add_ons":[],"addons":[],"acf":[],"_links":{"self":[{"href":"https:\/\/shop.kustom.ch\/it\/wp-json\/wp\/v2\/product\/101824"}],"collection":[{"href":"https:\/\/shop.kustom.ch\/it\/wp-json\/wp\/v2\/product"}],"about":[{"href":"https:\/\/shop.kustom.ch\/it\/wp-json\/wp\/v2\/types\/product"}],"wp:featuredmedia":[{"embeddable":true,"href":"https:\/\/shop.kustom.ch\/it\/wp-json\/wp\/v2\/media\/101823"}],"wp:attachment":[{"href":"https:\/\/shop.kustom.ch\/it\/wp-json\/wp\/v2\/media?parent=101824"}],"wp:term":[{"taxonomy":"product_brand","embeddable":true,"href":"https:\/\/shop.kustom.ch\/it\/wp-json\/wp\/v2\/product_brand?post=101824"},{"taxonomy":"product_cat","embeddable":true,"href":"https:\/\/shop.kustom.ch\/it\/wp-json\/wp\/v2\/product_cat?post=101824"},{"taxonomy":"product_tag","embeddable":true,"href":"https:\/\/shop.kustom.ch\/it\/wp-json\/wp\/v2\/product_tag?post=101824"}],"curies":[{"name":"wp","href":"https:\/\/api.w.org\/{rel}","templated":true}]}}