{"id":101207,"date":"2024-03-20T17:21:09","date_gmt":"2024-03-20T16:21:09","guid":{"rendered":"https:\/\/kustomshop.kinsta.cloud\/produkt\/evolve-full-zip-w\/"},"modified":"2026-03-27T13:56:26","modified_gmt":"2026-03-27T12:56:26","slug":"evolve-full-zip-w","status":"publish","type":"product","link":"https:\/\/shop.kustom.ch\/it\/prodotto\/evolve-full-zip-w\/","title":{"rendered":"Evolve Full Zip W"},"content":{"rendered":"<p>Evolve Full Zip \u00e8 una resistente giacca a strato medio in materiale elasticizzato che offre un eccellente trasporto dell'umidit\u00e0 durante gli allenamenti intensivi. La giacca con zip \u00e8 realizzata con materiali riciclati per ridurre il nostro impatto ambientale.<\/p>\n<p>- Materiali elastici resistenti e funzionali<br \/>\n- Il filato tinto in massa riduce l'impatto ecologico<br \/>\n- Zip frontale a tutta lunghezza<br \/>\n- Tasche laterali<\/p>\n<p>Materiale: 100% poliestere riciclato<\/p>","protected":false},"excerpt":{"rendered":"<p><span><\/span><\/p>","protected":false},"featured_media":101206,"template":"","meta":[],"product_brand":[],"product_cat":[4191],"product_tag":[],"class_list":{"0":"post-101207","1":"product","2":"type-product","3":"status-publish","4":"has-post-thumbnail","6":"product_cat-longsleeves-sweatshirts","7":"pa_brand-craft-teamwear","8":"pa_brand-type-sportswear","9":"pa_filter-color-blau","10":"pa_filter-color-grau","11":"pa_filter-color-gruen","12":"pa_filter-color-rot","13":"pa_filter-color-schwarz","14":"pa_filter-color-violet","15":"pa_filter-color-weiss","17":"first","18":"instock","19":"sale","20":"taxable","21":"shipping-taxable","22":"purchasable","23":"product-type-variable","24":"add-to-wishlist-before_image"},"exclude_global_add_ons":[],"addons":[],"acf":[],"_links":{"self":[{"href":"https:\/\/shop.kustom.ch\/it\/wp-json\/wp\/v2\/product\/101207"}],"collection":[{"href":"https:\/\/shop.kustom.ch\/it\/wp-json\/wp\/v2\/product"}],"about":[{"href":"https:\/\/shop.kustom.ch\/it\/wp-json\/wp\/v2\/types\/product"}],"wp:featuredmedia":[{"embeddable":true,"href":"https:\/\/shop.kustom.ch\/it\/wp-json\/wp\/v2\/media\/101206"}],"wp:attachment":[{"href":"https:\/\/shop.kustom.ch\/it\/wp-json\/wp\/v2\/media?parent=101207"}],"wp:term":[{"taxonomy":"product_brand","embeddable":true,"href":"https:\/\/shop.kustom.ch\/it\/wp-json\/wp\/v2\/product_brand?post=101207"},{"taxonomy":"product_cat","embeddable":true,"href":"https:\/\/shop.kustom.ch\/it\/wp-json\/wp\/v2\/product_cat?post=101207"},{"taxonomy":"product_tag","embeddable":true,"href":"https:\/\/shop.kustom.ch\/it\/wp-json\/wp\/v2\/product_tag?post=101207"}],"curies":[{"name":"wp","href":"https:\/\/api.w.org\/{rel}","templated":true}]}}