{"id":100817,"date":"2024-03-20T17:19:21","date_gmt":"2024-03-20T16:19:21","guid":{"rendered":"https:\/\/kustomshop.kinsta.cloud\/produkt\/evolve-tee-jr\/"},"modified":"2026-03-27T15:44:45","modified_gmt":"2026-03-27T14:44:45","slug":"evolve-tee-jr","status":"publish","type":"product","link":"https:\/\/shop.kustom.ch\/it\/prodotto\/evolve-tee-jr\/","title":{"rendered":"Maglietta Evolve JR"},"content":{"rendered":"<p>Evolve Tee \u00e8 una maglia da allenamento leggera che offre un eccellente trasporto dell'umidit\u00e0 durante gli allenamenti intensi. La maglietta \u00e8 realizzata con materiali riciclati per ridurre la nostra impronta ecologica ed \u00e8 dotata di inserti in rete sotto le ascelle per una maggiore ventilazione. Le maniche raglan garantiscono un'ottima libert\u00e0 di movimento. Colletto interno e polsini a coste.<\/p>\n<p>- Materiale Ventair\u00ae riciclato 2L antivento e resistente alle intemperie sul davanti e sulle maniche, 8k\/10k<br \/>\n- Fianchi e schiena in jersey riciclato per un eccellente trasporto dell'umidit\u00e0 e un elevato comfort.<br \/>\n- Interno del colletto spazzolato per una piacevole sensazione sulla pelle<br \/>\n- Due tasche laterali con zip<br \/>\n- Maglia sui polsi per una vestibilit\u00e0 perfetta<br \/>\n- Cintura in vita con coulisse<\/p>\n<p>Materiale: 100% poliestere riciclato<\/p>","protected":false},"excerpt":{"rendered":"<p><span><\/span><\/p>","protected":false},"featured_media":100816,"template":"","meta":[],"product_brand":[],"product_cat":[4201],"product_tag":[],"class_list":{"0":"post-100817","1":"product","2":"type-product","3":"status-publish","4":"has-post-thumbnail","6":"product_cat-t-shirts","7":"pa_brand-craft-teamwear","8":"pa_brand-type-sportswear","9":"pa_filter-color-blau","10":"pa_filter-color-grau","11":"pa_filter-color-gruen","12":"pa_filter-color-rot","13":"pa_filter-color-schwarz","14":"pa_filter-color-weiss","16":"first","17":"instock","18":"sale","19":"taxable","20":"shipping-taxable","21":"purchasable","22":"product-type-variable","23":"add-to-wishlist-before_image"},"exclude_global_add_ons":[],"addons":[],"acf":[],"_links":{"self":[{"href":"https:\/\/shop.kustom.ch\/it\/wp-json\/wp\/v2\/product\/100817"}],"collection":[{"href":"https:\/\/shop.kustom.ch\/it\/wp-json\/wp\/v2\/product"}],"about":[{"href":"https:\/\/shop.kustom.ch\/it\/wp-json\/wp\/v2\/types\/product"}],"wp:featuredmedia":[{"embeddable":true,"href":"https:\/\/shop.kustom.ch\/it\/wp-json\/wp\/v2\/media\/100816"}],"wp:attachment":[{"href":"https:\/\/shop.kustom.ch\/it\/wp-json\/wp\/v2\/media?parent=100817"}],"wp:term":[{"taxonomy":"product_brand","embeddable":true,"href":"https:\/\/shop.kustom.ch\/it\/wp-json\/wp\/v2\/product_brand?post=100817"},{"taxonomy":"product_cat","embeddable":true,"href":"https:\/\/shop.kustom.ch\/it\/wp-json\/wp\/v2\/product_cat?post=100817"},{"taxonomy":"product_tag","embeddable":true,"href":"https:\/\/shop.kustom.ch\/it\/wp-json\/wp\/v2\/product_tag?post=100817"}],"curies":[{"name":"wp","href":"https:\/\/api.w.org\/{rel}","templated":true}]}}