{"id":99945,"date":"2024-03-20T17:14:03","date_gmt":"2024-03-20T16:14:03","guid":{"rendered":"https:\/\/kustomshop.kinsta.cloud\/produkt\/active-extreme-x-cn-ss-m\/"},"modified":"2026-03-27T15:03:54","modified_gmt":"2026-03-27T14:03:54","slug":"active-extreme-x-cn-ss-m","status":"publish","type":"product","link":"https:\/\/shop.kustom.ch\/fr\/produit\/active-extreme-x-cn-ss-m\/","title":{"rendered":"Active Extreme X CN SS M"},"content":{"rendered":"<p>T-shirt fin avec une coupe ajust\u00e9e et des inserts en mesh pour une excellente gestion de la temp\u00e9rature corporelle. Fabriqu\u00e9 en mati\u00e8re recycl\u00e9e.<br \/>\n- Coupe ajust\u00e9e<br \/>\n- Tissu tricot\u00e9 fin, l\u00e9ger et \u00e9lastique qui emprisonne l'air pour l'isoler et le garder au chaud<br \/>\n- Port\u00e9 directement sur la peau, la fibre Coolmax Air assure une \u00e9vacuation optimale de l'humidit\u00e9 et un refroidissement.<br \/>\n- les coutures plates s'adaptent aux mouvements du corps<br \/>\n- Inserts en mesh sous les aisselles pour une meilleure ventilation aux endroits les plus chauds<\/p>\n<p>Mati\u00e8re : 40% polyester SeaQual 39% polyester \"Coolmax\" 21% polyester recycl\u00e9<\/p>","protected":false},"excerpt":{"rendered":"<p><span><\/span><\/p>","protected":false},"featured_media":99944,"template":"","meta":[],"product_brand":[],"product_cat":[4206],"product_tag":[],"class_list":{"0":"post-99945","1":"product","2":"type-product","3":"status-publish","4":"has-post-thumbnail","6":"product_cat-underwear","7":"pa_brand-craft-retail-sportswear","8":"pa_brand-type-sportswear","9":"pa_filter-color-schwarz","10":"pa_filter-color-weiss","12":"first","13":"instock","14":"sale","15":"taxable","16":"shipping-taxable","17":"purchasable","18":"product-type-variable","19":"add-to-wishlist-before_image"},"exclude_global_add_ons":[],"addons":[],"acf":[],"_links":{"self":[{"href":"https:\/\/shop.kustom.ch\/fr\/wp-json\/wp\/v2\/product\/99945"}],"collection":[{"href":"https:\/\/shop.kustom.ch\/fr\/wp-json\/wp\/v2\/product"}],"about":[{"href":"https:\/\/shop.kustom.ch\/fr\/wp-json\/wp\/v2\/types\/product"}],"wp:featuredmedia":[{"embeddable":true,"href":"https:\/\/shop.kustom.ch\/fr\/wp-json\/wp\/v2\/media\/99944"}],"wp:attachment":[{"href":"https:\/\/shop.kustom.ch\/fr\/wp-json\/wp\/v2\/media?parent=99945"}],"wp:term":[{"taxonomy":"product_brand","embeddable":true,"href":"https:\/\/shop.kustom.ch\/fr\/wp-json\/wp\/v2\/product_brand?post=99945"},{"taxonomy":"product_cat","embeddable":true,"href":"https:\/\/shop.kustom.ch\/fr\/wp-json\/wp\/v2\/product_cat?post=99945"},{"taxonomy":"product_tag","embeddable":true,"href":"https:\/\/shop.kustom.ch\/fr\/wp-json\/wp\/v2\/product_tag?post=99945"}],"curies":[{"name":"wp","href":"https:\/\/api.w.org\/{rel}","templated":true}]}}