{"id":99929,"date":"2024-03-20T17:13:53","date_gmt":"2024-03-20T16:13:53","guid":{"rendered":"https:\/\/kustomshop.kinsta.cloud\/produkt\/active-extreme-x-zip-ls-w\/"},"modified":"2026-03-27T14:48:59","modified_gmt":"2026-03-27T13:48:59","slug":"active-extreme-x-zip-ls-w","status":"publish","type":"product","link":"https:\/\/shop.kustom.ch\/fr\/produit\/active-extreme-x-zip-ls-w\/","title":{"rendered":"Active Extreme X ZIP LS W"},"content":{"rendered":"<p>Jersey avec coupe ajust\u00e9e, fermeture \u00e9clair mi-longue et inserts en mesh pour une excellente gestion de la temp\u00e9rature corporelle. Fabriqu\u00e9 en mati\u00e8re recycl\u00e9e.<br \/>\n- Coupe ajust\u00e9e<br \/>\n- Tissu tricot\u00e9 fin, l\u00e9ger et \u00e9lastique qui emprisonne l'air pour l'isoler et le garder au chaud<br \/>\n- Port\u00e9 directement sur la peau, la fibre Coolmax Air assure une \u00e9vacuation optimale de l'humidit\u00e9 et un refroidissement.<br \/>\n- les coutures plates s'adaptent aux mouvements du corps<br \/>\n- Inserts en mesh sous les aisselles pour une meilleure ventilation aux endroits les plus chauds<\/p>\n<p>Mat\u00e9riaux : 40% polyester SeaQual 39% polyester \"Coolmax\" 21% polyester-recycl\u00e9<\/p>","protected":false},"excerpt":{"rendered":"<p><span><\/span><\/p>","protected":false},"featured_media":99928,"template":"","meta":[],"product_brand":[],"product_cat":[4206],"product_tag":[],"class_list":{"0":"post-99929","1":"product","2":"type-product","3":"status-publish","4":"has-post-thumbnail","6":"product_cat-underwear","7":"pa_brand-craft-retail-sportswear","8":"pa_brand-type-sportswear","9":"pa_filter-color-schwarz","11":"first","12":"instock","13":"sale","14":"taxable","15":"shipping-taxable","16":"purchasable","17":"product-type-variable","18":"add-to-wishlist-before_image"},"exclude_global_add_ons":[],"addons":[],"acf":[],"_links":{"self":[{"href":"https:\/\/shop.kustom.ch\/fr\/wp-json\/wp\/v2\/product\/99929"}],"collection":[{"href":"https:\/\/shop.kustom.ch\/fr\/wp-json\/wp\/v2\/product"}],"about":[{"href":"https:\/\/shop.kustom.ch\/fr\/wp-json\/wp\/v2\/types\/product"}],"wp:featuredmedia":[{"embeddable":true,"href":"https:\/\/shop.kustom.ch\/fr\/wp-json\/wp\/v2\/media\/99928"}],"wp:attachment":[{"href":"https:\/\/shop.kustom.ch\/fr\/wp-json\/wp\/v2\/media?parent=99929"}],"wp:term":[{"taxonomy":"product_brand","embeddable":true,"href":"https:\/\/shop.kustom.ch\/fr\/wp-json\/wp\/v2\/product_brand?post=99929"},{"taxonomy":"product_cat","embeddable":true,"href":"https:\/\/shop.kustom.ch\/fr\/wp-json\/wp\/v2\/product_cat?post=99929"},{"taxonomy":"product_tag","embeddable":true,"href":"https:\/\/shop.kustom.ch\/fr\/wp-json\/wp\/v2\/product_tag?post=99929"}],"curies":[{"name":"wp","href":"https:\/\/api.w.org\/{rel}","templated":true}]}}