{"id":99888,"date":"2024-03-20T17:13:37","date_gmt":"2024-03-20T16:13:37","guid":{"rendered":"https:\/\/kustomshop.kinsta.cloud\/produkt\/adv-essence-wind-pants-w\/"},"modified":"2026-03-27T15:03:51","modified_gmt":"2026-03-27T14:03:51","slug":"adv-essence-wind-pants-w","status":"publish","type":"product","link":"https:\/\/shop.kustom.ch\/fr\/produit\/adv-essence-wind-pants-w\/","title":{"rendered":"ADV Essence Wind Pants W"},"content":{"rendered":"<p>Pantalon d'entra\u00eenement tr\u00e8s fonctionnel, coupe-vent et imperm\u00e9able sur le devant et dans le bas du dos, adapt\u00e9 \u00e0 l'entra\u00eenement intensif dans des conditions humides et venteuses. Ceinture \u00e9lastique, fermeture \u00e9clair aux extr\u00e9mit\u00e9s des jambes et deux poches lat\u00e9rales avec fermeture \u00e9clair.<br \/>\n- Tissu respirant, coupe-vent et imperm\u00e9able sur le devant et dans le bas du dos<br \/>\n- Ceinture \u00e9lastique<br \/>\n- fermeture \u00e9clair au bas des jambes<br \/>\n- Deux poches lat\u00e9rales avec fermeture \u00e9clair<br \/>\n- Logo Craft sur le devant<br \/>\n- Logo \u00e0 six points \u00e0 l'arri\u00e8re<\/p>\n<p>Mat\u00e9riaux : Front body ; Face 100% Polyester-recycl\u00e9 Front body ; Mid 100% Polyuretane Front body ; Back 100% Polyester.<br \/>\nCorps arri\u00e8re ; 88% polyester recycl\u00e9 12% \u00e9lasthanne<\/p>","protected":false},"excerpt":{"rendered":"<p><span><\/span><\/p>","protected":false},"featured_media":99887,"template":"","meta":[],"product_brand":[],"product_cat":[4185],"product_tag":[],"class_list":{"0":"post-99888","1":"product","2":"type-product","3":"status-publish","4":"has-post-thumbnail","6":"product_cat-hosen","7":"pa_brand-craft-retail-sportswear","8":"pa_brand-type-sportswear","9":"pa_filter-color-schwarz","11":"first","12":"instock","13":"sale","14":"taxable","15":"shipping-taxable","16":"purchasable","17":"product-type-variable","18":"add-to-wishlist-before_image"},"exclude_global_add_ons":[],"addons":[],"acf":[],"_links":{"self":[{"href":"https:\/\/shop.kustom.ch\/fr\/wp-json\/wp\/v2\/product\/99888"}],"collection":[{"href":"https:\/\/shop.kustom.ch\/fr\/wp-json\/wp\/v2\/product"}],"about":[{"href":"https:\/\/shop.kustom.ch\/fr\/wp-json\/wp\/v2\/types\/product"}],"wp:featuredmedia":[{"embeddable":true,"href":"https:\/\/shop.kustom.ch\/fr\/wp-json\/wp\/v2\/media\/99887"}],"wp:attachment":[{"href":"https:\/\/shop.kustom.ch\/fr\/wp-json\/wp\/v2\/media?parent=99888"}],"wp:term":[{"taxonomy":"product_brand","embeddable":true,"href":"https:\/\/shop.kustom.ch\/fr\/wp-json\/wp\/v2\/product_brand?post=99888"},{"taxonomy":"product_cat","embeddable":true,"href":"https:\/\/shop.kustom.ch\/fr\/wp-json\/wp\/v2\/product_cat?post=99888"},{"taxonomy":"product_tag","embeddable":true,"href":"https:\/\/shop.kustom.ch\/fr\/wp-json\/wp\/v2\/product_tag?post=99888"}],"curies":[{"name":"wp","href":"https:\/\/api.w.org\/{rel}","templated":true}]}}