{"id":99845,"date":"2024-03-20T17:13:15","date_gmt":"2024-03-20T16:13:15","guid":{"rendered":"https:\/\/kustomshop.kinsta.cloud\/produkt\/glide-block-jacket-m\/"},"modified":"2026-03-27T14:32:44","modified_gmt":"2026-03-27T13:32:44","slug":"glide-block-jacket-m","status":"publish","type":"product","link":"https:\/\/shop.kustom.ch\/fr\/produit\/glide-block-jacket-m\/","title":{"rendered":"Veste Glide Block M"},"content":{"rendered":"<p>Veste en mati\u00e8re 3L \u00e9lastique, coupe-vent et imperm\u00e9able pour l'entra\u00eenement en plein air dans des conditions froides.<br \/>\n- Tissu \u00e9lastique 3L Ventair coupe-vent &amp; imperm\u00e9able, 8k\/8k<br \/>\n- Jersey \u00e9lastique dans le dos &amp; sous les manches pour une ventilation optimale<br \/>\n- Piping r\u00e9fl\u00e9chissant sur le devant pour une meilleure visibilit\u00e9<br \/>\n- Deux poches avant avec fermeture \u00e9clair<\/p>\n<p>Mat\u00e9riau : Corps : Face 100% Polyester Mid 100% Polyur\u00e9thane Back 100% Polyester Upper back body : 92% Polyester recycl\u00e9 8% Elasthanne<\/p>","protected":false},"excerpt":{"rendered":"<p><span><\/span><\/p>","protected":false},"featured_media":99844,"template":"","meta":[],"product_brand":[],"product_cat":[4186],"product_tag":[],"class_list":{"0":"post-99845","1":"product","2":"type-product","3":"status-publish","4":"has-post-thumbnail","6":"product_cat-jacken","7":"pa_brand-craft-retail-sportswear","8":"pa_brand-type-sportswear","9":"pa_filter-color-schwarz","11":"first","12":"instock","13":"sale","14":"taxable","15":"shipping-taxable","16":"purchasable","17":"product-type-variable","18":"add-to-wishlist-before_image"},"exclude_global_add_ons":[],"addons":[],"acf":[],"_links":{"self":[{"href":"https:\/\/shop.kustom.ch\/fr\/wp-json\/wp\/v2\/product\/99845"}],"collection":[{"href":"https:\/\/shop.kustom.ch\/fr\/wp-json\/wp\/v2\/product"}],"about":[{"href":"https:\/\/shop.kustom.ch\/fr\/wp-json\/wp\/v2\/types\/product"}],"wp:featuredmedia":[{"embeddable":true,"href":"https:\/\/shop.kustom.ch\/fr\/wp-json\/wp\/v2\/media\/99844"}],"wp:attachment":[{"href":"https:\/\/shop.kustom.ch\/fr\/wp-json\/wp\/v2\/media?parent=99845"}],"wp:term":[{"taxonomy":"product_brand","embeddable":true,"href":"https:\/\/shop.kustom.ch\/fr\/wp-json\/wp\/v2\/product_brand?post=99845"},{"taxonomy":"product_cat","embeddable":true,"href":"https:\/\/shop.kustom.ch\/fr\/wp-json\/wp\/v2\/product_cat?post=99845"},{"taxonomy":"product_tag","embeddable":true,"href":"https:\/\/shop.kustom.ch\/fr\/wp-json\/wp\/v2\/product_tag?post=99845"}],"curies":[{"name":"wp","href":"https:\/\/api.w.org\/{rel}","templated":true}]}}