{"id":99802,"date":"2024-03-20T17:12:51","date_gmt":"2024-03-20T16:12:51","guid":{"rendered":"https:\/\/kustomshop.kinsta.cloud\/produkt\/core-edge-thermal-midlayer-w\/"},"modified":"2026-03-27T13:22:59","modified_gmt":"2026-03-27T12:22:59","slug":"core-edge-thermal-midlayer-w","status":"publish","type":"product","link":"https:\/\/shop.kustom.ch\/fr\/produit\/core-edge-thermal-midlayer-w\/","title":{"rendered":"CORE Edge Thermal midlayer W"},"content":{"rendered":"<p>Thermo-Mid-Layer en polaire avec int\u00e9rieur gratt\u00e9, fermeture \u00e9clair et deux poches lat\u00e9rales.<br \/>\n- Deux poches lat\u00e9rales avec fermeture \u00e9clair cach\u00e9e<br \/>\n- Fermeture \u00e0 glissi\u00e8re<\/p>\n<p>Mat\u00e9riau : polyester 100%<\/p>","protected":false},"excerpt":{"rendered":"<p><span><\/span><\/p>","protected":false},"featured_media":99801,"template":"","meta":[],"product_brand":[],"product_cat":[4191],"product_tag":[],"class_list":{"0":"post-99802","1":"product","2":"type-product","3":"status-publish","4":"has-post-thumbnail","6":"product_cat-longsleeves-sweatshirts","7":"pa_brand-craft-retail-sportswear","8":"pa_brand-type-sportswear","9":"pa_filter-color-grau","10":"pa_filter-color-schwarz","12":"first","13":"instock","14":"sale","15":"taxable","16":"shipping-taxable","17":"purchasable","18":"product-type-variable","19":"add-to-wishlist-before_image"},"exclude_global_add_ons":[],"addons":[],"acf":[],"_links":{"self":[{"href":"https:\/\/shop.kustom.ch\/fr\/wp-json\/wp\/v2\/product\/99802"}],"collection":[{"href":"https:\/\/shop.kustom.ch\/fr\/wp-json\/wp\/v2\/product"}],"about":[{"href":"https:\/\/shop.kustom.ch\/fr\/wp-json\/wp\/v2\/types\/product"}],"wp:featuredmedia":[{"embeddable":true,"href":"https:\/\/shop.kustom.ch\/fr\/wp-json\/wp\/v2\/media\/99801"}],"wp:attachment":[{"href":"https:\/\/shop.kustom.ch\/fr\/wp-json\/wp\/v2\/media?parent=99802"}],"wp:term":[{"taxonomy":"product_brand","embeddable":true,"href":"https:\/\/shop.kustom.ch\/fr\/wp-json\/wp\/v2\/product_brand?post=99802"},{"taxonomy":"product_cat","embeddable":true,"href":"https:\/\/shop.kustom.ch\/fr\/wp-json\/wp\/v2\/product_cat?post=99802"},{"taxonomy":"product_tag","embeddable":true,"href":"https:\/\/shop.kustom.ch\/fr\/wp-json\/wp\/v2\/product_tag?post=99802"}],"curies":[{"name":"wp","href":"https:\/\/api.w.org\/{rel}","templated":true}]}}