{"id":99650,"date":"2024-03-20T17:12:09","date_gmt":"2024-03-20T16:12:09","guid":{"rendered":"https:\/\/kustomshop.kinsta.cloud\/produkt\/core-gain-midlayer-w\/"},"modified":"2026-03-27T13:24:29","modified_gmt":"2026-03-27T12:24:29","slug":"core-gain-midlayer-w","status":"publish","type":"product","link":"https:\/\/shop.kustom.ch\/fr\/produit\/core-gain-midlayer-w\/","title":{"rendered":"CORE Gain Midlayer W"},"content":{"rendered":"<p>Mid-Layer avec fermeture \u00e9clair mi-longue en mati\u00e8re douce avec int\u00e9rieur l\u00e9g\u00e8rement gratt\u00e9 pour plus de chaleur.<br \/>\n- Mati\u00e8re douce avec int\u00e9rieur gratt\u00e9<br \/>\n- Logo Craft sur la poitrine et logo Six-Dot dans le dos<\/p>\n<p>Mati\u00e8re : 89% polyester 11% \u00e9lasthanne<\/p>","protected":false},"excerpt":{"rendered":"<p><span><\/span><\/p>","protected":false},"featured_media":99649,"template":"","meta":[],"product_brand":[],"product_cat":[4191],"product_tag":[],"class_list":{"0":"post-99650","1":"product","2":"type-product","3":"status-publish","4":"has-post-thumbnail","6":"product_cat-longsleeves-sweatshirts","7":"pa_brand-craft-retail-sportswear","8":"pa_brand-type-sportswear","9":"pa_filter-color-beige","10":"pa_filter-color-blau","11":"pa_filter-color-gelb","12":"pa_filter-color-grau","13":"pa_filter-color-gruen","14":"pa_filter-color-orange","15":"pa_filter-color-pink","16":"pa_filter-color-rot","17":"pa_filter-color-schwarz","18":"pa_filter-color-weiss","20":"first","21":"instock","22":"sale","23":"taxable","24":"shipping-taxable","25":"purchasable","26":"product-type-variable","27":"add-to-wishlist-before_image"},"exclude_global_add_ons":[],"addons":[],"acf":[],"_links":{"self":[{"href":"https:\/\/shop.kustom.ch\/fr\/wp-json\/wp\/v2\/product\/99650"}],"collection":[{"href":"https:\/\/shop.kustom.ch\/fr\/wp-json\/wp\/v2\/product"}],"about":[{"href":"https:\/\/shop.kustom.ch\/fr\/wp-json\/wp\/v2\/types\/product"}],"wp:featuredmedia":[{"embeddable":true,"href":"https:\/\/shop.kustom.ch\/fr\/wp-json\/wp\/v2\/media\/99649"}],"wp:attachment":[{"href":"https:\/\/shop.kustom.ch\/fr\/wp-json\/wp\/v2\/media?parent=99650"}],"wp:term":[{"taxonomy":"product_brand","embeddable":true,"href":"https:\/\/shop.kustom.ch\/fr\/wp-json\/wp\/v2\/product_brand?post=99650"},{"taxonomy":"product_cat","embeddable":true,"href":"https:\/\/shop.kustom.ch\/fr\/wp-json\/wp\/v2\/product_cat?post=99650"},{"taxonomy":"product_tag","embeddable":true,"href":"https:\/\/shop.kustom.ch\/fr\/wp-json\/wp\/v2\/product_tag?post=99650"}],"curies":[{"name":"wp","href":"https:\/\/api.w.org\/{rel}","templated":true}]}}