{"id":99480,"date":"2024-03-20T17:11:24","date_gmt":"2024-03-20T16:11:24","guid":{"rendered":"https:\/\/kustomshop.kinsta.cloud\/produkt\/core-unify-polo-shirt-w\/"},"modified":"2026-03-27T15:09:27","modified_gmt":"2026-03-27T14:09:27","slug":"core-unify-polo-shirt-w","status":"publish","type":"product","link":"https:\/\/shop.kustom.ch\/fr\/produit\/core-unify-polo-shirt-w\/","title":{"rendered":"CORE Unify Polo W"},"content":{"rendered":"<p>Polo en polyester recycl\u00e9 fonctionnel avec une coupe confortable et un logo brod\u00e9 sur la manche.<\/p>\n<p>- polyester recycl\u00e9 avec un excellent transfert d'humidit\u00e9<br \/>\n- Coupe confortable<br \/>\n- Logo brod\u00e9 sur la manche gauche<\/p>\n<p>Mat\u00e9riau : Couleurs solides : 100% Polyester recycl\u00e9 Couleurs m\u00e9lang\u00e9es : 50% Polyester recycl\u00e9 50% Polyester.<\/p>","protected":false},"excerpt":{"rendered":"<p><span><\/span><\/p>","protected":false},"featured_media":99479,"template":"","meta":[],"product_brand":[],"product_cat":[4193],"product_tag":[],"class_list":{"0":"post-99480","1":"product","2":"type-product","3":"status-publish","4":"has-post-thumbnail","6":"product_cat-polos","7":"pa_brand-craft-retail-sportswear","8":"pa_brand-type-sportswear","9":"pa_filter-color-blau","10":"pa_filter-color-grau","11":"pa_filter-color-gruen","12":"pa_filter-color-orange","13":"pa_filter-color-rot","14":"pa_filter-color-schwarz","15":"pa_filter-color-violet","16":"pa_filter-color-weiss","18":"first","19":"instock","20":"sale","21":"taxable","22":"shipping-taxable","23":"purchasable","24":"product-type-variable","25":"add-to-wishlist-before_image"},"exclude_global_add_ons":[],"addons":[],"acf":[],"_links":{"self":[{"href":"https:\/\/shop.kustom.ch\/fr\/wp-json\/wp\/v2\/product\/99480"}],"collection":[{"href":"https:\/\/shop.kustom.ch\/fr\/wp-json\/wp\/v2\/product"}],"about":[{"href":"https:\/\/shop.kustom.ch\/fr\/wp-json\/wp\/v2\/types\/product"}],"wp:featuredmedia":[{"embeddable":true,"href":"https:\/\/shop.kustom.ch\/fr\/wp-json\/wp\/v2\/media\/99479"}],"wp:attachment":[{"href":"https:\/\/shop.kustom.ch\/fr\/wp-json\/wp\/v2\/media?parent=99480"}],"wp:term":[{"taxonomy":"product_brand","embeddable":true,"href":"https:\/\/shop.kustom.ch\/fr\/wp-json\/wp\/v2\/product_brand?post=99480"},{"taxonomy":"product_cat","embeddable":true,"href":"https:\/\/shop.kustom.ch\/fr\/wp-json\/wp\/v2\/product_cat?post=99480"},{"taxonomy":"product_tag","embeddable":true,"href":"https:\/\/shop.kustom.ch\/fr\/wp-json\/wp\/v2\/product_tag?post=99480"}],"curies":[{"name":"wp","href":"https:\/\/api.w.org\/{rel}","templated":true}]}}