{"id":99329,"date":"2024-03-20T17:10:48","date_gmt":"2024-03-20T16:10:48","guid":{"rendered":"https:\/\/kustomshop.kinsta.cloud\/produkt\/adv-unify-pants-w\/"},"modified":"2026-03-27T14:19:39","modified_gmt":"2026-03-27T13:19:39","slug":"adv-unify-pants-w","status":"publish","type":"product","link":"https:\/\/shop.kustom.ch\/fr\/produit\/adv-unify-pants-w\/","title":{"rendered":"ADV Unify Pants W"},"content":{"rendered":"<p>Pantalon de loisirs cool en polyester recycl\u00e9 doux et confortable.<br \/>\n- Coupe confortable<br \/>\n- Polyester recycl\u00e9 doux et confortable, dont le toucher est similaire \u00e0 celui du coton<br \/>\n- Deux poches \u00e0 fermeture \u00e9clair<\/p>\n<p>Mat\u00e9riau : Couleurs solides : 100% polyester recycl\u00e9 Couleurs m\u00e9lang\u00e9es : 60% polyester recycl\u00e9 40% polyester.<\/p>","protected":false},"excerpt":{"rendered":"<p><span><\/span><\/p>","protected":false},"featured_media":99328,"template":"","meta":[],"product_brand":[],"product_cat":[4185],"product_tag":[],"class_list":{"0":"post-99329","1":"product","2":"type-product","3":"status-publish","4":"has-post-thumbnail","6":"product_cat-hosen","7":"pa_brand-craft-retail-sportswear","8":"pa_brand-type-sportswear","9":"pa_filter-color-grau","10":"pa_filter-color-schwarz","12":"first","13":"instock","14":"sale","15":"taxable","16":"shipping-taxable","17":"purchasable","18":"product-type-variable","19":"add-to-wishlist-before_image"},"exclude_global_add_ons":[],"addons":[],"acf":[],"_links":{"self":[{"href":"https:\/\/shop.kustom.ch\/fr\/wp-json\/wp\/v2\/product\/99329"}],"collection":[{"href":"https:\/\/shop.kustom.ch\/fr\/wp-json\/wp\/v2\/product"}],"about":[{"href":"https:\/\/shop.kustom.ch\/fr\/wp-json\/wp\/v2\/types\/product"}],"wp:featuredmedia":[{"embeddable":true,"href":"https:\/\/shop.kustom.ch\/fr\/wp-json\/wp\/v2\/media\/99328"}],"wp:attachment":[{"href":"https:\/\/shop.kustom.ch\/fr\/wp-json\/wp\/v2\/media?parent=99329"}],"wp:term":[{"taxonomy":"product_brand","embeddable":true,"href":"https:\/\/shop.kustom.ch\/fr\/wp-json\/wp\/v2\/product_brand?post=99329"},{"taxonomy":"product_cat","embeddable":true,"href":"https:\/\/shop.kustom.ch\/fr\/wp-json\/wp\/v2\/product_cat?post=99329"},{"taxonomy":"product_tag","embeddable":true,"href":"https:\/\/shop.kustom.ch\/fr\/wp-json\/wp\/v2\/product_tag?post=99329"}],"curies":[{"name":"wp","href":"https:\/\/api.w.org\/{rel}","templated":true}]}}